{"id":8284,"date":"2021-10-01T07:55:33","date_gmt":"2021-10-01T04:55:33","guid":{"rendered":"https:\/\/mroom.com?page_id=8284"},"modified":"2025-09-30T21:55:18","modified_gmt":"2025-09-30T18:55:18","slug":"palvelut","status":"publish","type":"page","link":"https:\/\/mroom.com\/fi\/palvelut\/","title":{"rendered":"Hinnasto"},"content":{"rendered":"","protected":false},"excerpt":{"rendered":"","protected":false},"author":23,"featured_media":11541,"parent":0,"menu_order":0,"comment_status":"closed","ping_status":"closed","template":"page-newtemplate.php","meta":{"_acf_changed":false,"footnotes":""},"class_list":["post-8284","page","type-page","status-publish","has-post-thumbnail","hentry"],"acf":[],"yoast_head":"<!-- This site is optimized with the Yoast SEO plugin v27.3 - https:\/\/yoast.com\/product\/yoast-seo-wordpress\/ -->\n<title>Hinnasto - Hiustenleikkaukset, parranajot ja v\u00e4rj\u00e4ykset<\/title>\n<meta name=\"description\" content=\"M Roomista saat hiustenleikkauksen, hiusten v\u00e4rj\u00e4yksen sek\u00e4 parranajon ilman ajanvarausta.\" \/>\n<meta name=\"robots\" content=\"index, follow, max-snippet:-1, max-image-preview:large, max-video-preview:-1\" \/>\n<link rel=\"canonical\" href=\"https:\/\/mroom.com\/fi\/palvelut\/\" \/>\n<meta property=\"og:locale\" content=\"fi_FI\" \/>\n<meta property=\"og:type\" content=\"article\" \/>\n<meta property=\"og:title\" content=\"Hinnasto - Hiustenleikkaukset, parranajot ja v\u00e4rj\u00e4ykset\" \/>\n<meta property=\"og:description\" content=\"M Roomista saat hiustenleikkauksen, hiusten v\u00e4rj\u00e4yksen sek\u00e4 parranajon ilman ajanvarausta.\" \/>\n<meta property=\"og:url\" content=\"https:\/\/mroom.com\/fi\/palvelut\/\" \/>\n<meta property=\"og:site_name\" content=\"M Room\" \/>\n<meta property=\"article:publisher\" content=\"https:\/\/www.facebook.com\/MRoomBarbershop\/?fref=ts\" \/>\n<meta property=\"article:modified_time\" content=\"2025-09-30T18:55:18+00:00\" \/>\n<meta property=\"og:image\" content=\"https:\/\/mroom.com\/wp-content\/uploads\/2024\/11\/mroom_palvelut_11_hero.png\" \/>\n\t<meta property=\"og:image:width\" content=\"1500\" \/>\n\t<meta property=\"og:image:height\" content=\"400\" \/>\n\t<meta property=\"og:image:type\" content=\"image\/png\" \/>\n<meta name=\"twitter:card\" content=\"summary_large_image\" \/>\n<meta name=\"twitter:label1\" content=\"Est. reading time\" \/>\n\t<meta name=\"twitter:data1\" content=\"1 minuutti\" \/>\n<script type=\"application\/ld+json\" class=\"yoast-schema-graph\">{\"@context\":\"https:\\\/\\\/schema.org\",\"@graph\":[{\"@type\":\"WebPage\",\"@id\":\"https:\\\/\\\/mroom.com\\\/fi\\\/palvelut\\\/\",\"url\":\"https:\\\/\\\/mroom.com\\\/fi\\\/palvelut\\\/\",\"name\":\"Hinnasto - Hiustenleikkaukset, parranajot ja v\u00e4rj\u00e4ykset\",\"isPartOf\":{\"@id\":\"https:\\\/\\\/mroom.com\\\/fi\\\/#website\"},\"primaryImageOfPage\":{\"@id\":\"https:\\\/\\\/mroom.com\\\/fi\\\/palvelut\\\/#primaryimage\"},\"image\":{\"@id\":\"https:\\\/\\\/mroom.com\\\/fi\\\/palvelut\\\/#primaryimage\"},\"thumbnailUrl\":\"https:\\\/\\\/mroom.com\\\/wp-content\\\/uploads\\\/2024\\\/11\\\/mroom_palvelut_11_hero.png\",\"datePublished\":\"2021-10-01T04:55:33+00:00\",\"dateModified\":\"2025-09-30T18:55:18+00:00\",\"description\":\"M Roomista saat hiustenleikkauksen, hiusten v\u00e4rj\u00e4yksen sek\u00e4 parranajon ilman ajanvarausta.\",\"breadcrumb\":{\"@id\":\"https:\\\/\\\/mroom.com\\\/fi\\\/palvelut\\\/#breadcrumb\"},\"inLanguage\":\"fi\",\"potentialAction\":[{\"@type\":\"ReadAction\",\"target\":[\"https:\\\/\\\/mroom.com\\\/fi\\\/palvelut\\\/\"]}]},{\"@type\":\"ImageObject\",\"inLanguage\":\"fi\",\"@id\":\"https:\\\/\\\/mroom.com\\\/fi\\\/palvelut\\\/#primaryimage\",\"url\":\"https:\\\/\\\/mroom.com\\\/wp-content\\\/uploads\\\/2024\\\/11\\\/mroom_palvelut_11_hero.png\",\"contentUrl\":\"https:\\\/\\\/mroom.com\\\/wp-content\\\/uploads\\\/2024\\\/11\\\/mroom_palvelut_11_hero.png\",\"width\":1500,\"height\":400},{\"@type\":\"BreadcrumbList\",\"@id\":\"https:\\\/\\\/mroom.com\\\/fi\\\/palvelut\\\/#breadcrumb\",\"itemListElement\":[{\"@type\":\"ListItem\",\"position\":1,\"name\":\"Home\",\"item\":\"https:\\\/\\\/mroom.com\\\/fi\\\/\"},{\"@type\":\"ListItem\",\"position\":2,\"name\":\"Hinnasto\"}]},{\"@type\":\"WebSite\",\"@id\":\"https:\\\/\\\/mroom.com\\\/fi\\\/#website\",\"url\":\"https:\\\/\\\/mroom.com\\\/fi\\\/\",\"name\":\"M Room\",\"description\":\"Ihan uusi WordPress-sivusto\",\"publisher\":{\"@id\":\"https:\\\/\\\/mroom.com\\\/fi\\\/#organization\"},\"potentialAction\":[{\"@type\":\"SearchAction\",\"target\":{\"@type\":\"EntryPoint\",\"urlTemplate\":\"https:\\\/\\\/mroom.com\\\/fi\\\/?s={search_term_string}\"},\"query-input\":{\"@type\":\"PropertyValueSpecification\",\"valueRequired\":true,\"valueName\":\"search_term_string\"}}],\"inLanguage\":\"fi\"},{\"@type\":\"Organization\",\"@id\":\"https:\\\/\\\/mroom.com\\\/fi\\\/#organization\",\"name\":\"M Room\",\"url\":\"https:\\\/\\\/mroom.com\\\/fi\\\/\",\"logo\":{\"@type\":\"ImageObject\",\"inLanguage\":\"fi\",\"@id\":\"https:\\\/\\\/mroom.com\\\/fi\\\/#\\\/schema\\\/logo\\\/image\\\/\",\"url\":\"https:\\\/\\\/mroom.com\\\/wp-content\\\/uploads\\\/2022\\\/08\\\/MRoom_logo_slogan.jpg\",\"contentUrl\":\"https:\\\/\\\/mroom.com\\\/wp-content\\\/uploads\\\/2022\\\/08\\\/MRoom_logo_slogan.jpg\",\"width\":300,\"height\":300,\"caption\":\"M Room\"},\"image\":{\"@id\":\"https:\\\/\\\/mroom.com\\\/fi\\\/#\\\/schema\\\/logo\\\/image\\\/\"},\"sameAs\":[\"https:\\\/\\\/www.facebook.com\\\/MRoomBarbershop\\\/?fref=ts\",\"https:\\\/\\\/www.instagram.com\\\/mroom_official\\\/?hl=en\",\"https:\\\/\\\/www.youtube.com\\\/c\\\/MRoomOfficial\"]}]}<\/script>\n<!-- \/ Yoast SEO plugin. -->","yoast_head_json":{"title":"Hinnasto - Hiustenleikkaukset, parranajot ja v\u00e4rj\u00e4ykset","description":"M Roomista saat hiustenleikkauksen, hiusten v\u00e4rj\u00e4yksen sek\u00e4 parranajon ilman ajanvarausta.","robots":{"index":"index","follow":"follow","max-snippet":"max-snippet:-1","max-image-preview":"max-image-preview:large","max-video-preview":"max-video-preview:-1"},"canonical":"https:\/\/mroom.com\/fi\/palvelut\/","og_locale":"fi_FI","og_type":"article","og_title":"Hinnasto - Hiustenleikkaukset, parranajot ja v\u00e4rj\u00e4ykset","og_description":"M Roomista saat hiustenleikkauksen, hiusten v\u00e4rj\u00e4yksen sek\u00e4 parranajon ilman ajanvarausta.","og_url":"https:\/\/mroom.com\/fi\/palvelut\/","og_site_name":"M Room","article_publisher":"https:\/\/www.facebook.com\/MRoomBarbershop\/?fref=ts","article_modified_time":"2025-09-30T18:55:18+00:00","og_image":[{"width":1500,"height":400,"url":"https:\/\/mroom.com\/wp-content\/uploads\/2024\/11\/mroom_palvelut_11_hero.png","type":"image\/png"}],"twitter_card":"summary_large_image","twitter_misc":{"Est. reading time":"1 minuutti"},"schema":{"@context":"https:\/\/schema.org","@graph":[{"@type":"WebPage","@id":"https:\/\/mroom.com\/fi\/palvelut\/","url":"https:\/\/mroom.com\/fi\/palvelut\/","name":"Hinnasto - Hiustenleikkaukset, parranajot ja v\u00e4rj\u00e4ykset","isPartOf":{"@id":"https:\/\/mroom.com\/fi\/#website"},"primaryImageOfPage":{"@id":"https:\/\/mroom.com\/fi\/palvelut\/#primaryimage"},"image":{"@id":"https:\/\/mroom.com\/fi\/palvelut\/#primaryimage"},"thumbnailUrl":"https:\/\/mroom.com\/wp-content\/uploads\/2024\/11\/mroom_palvelut_11_hero.png","datePublished":"2021-10-01T04:55:33+00:00","dateModified":"2025-09-30T18:55:18+00:00","description":"M Roomista saat hiustenleikkauksen, hiusten v\u00e4rj\u00e4yksen sek\u00e4 parranajon ilman ajanvarausta.","breadcrumb":{"@id":"https:\/\/mroom.com\/fi\/palvelut\/#breadcrumb"},"inLanguage":"fi","potentialAction":[{"@type":"ReadAction","target":["https:\/\/mroom.com\/fi\/palvelut\/"]}]},{"@type":"ImageObject","inLanguage":"fi","@id":"https:\/\/mroom.com\/fi\/palvelut\/#primaryimage","url":"https:\/\/mroom.com\/wp-content\/uploads\/2024\/11\/mroom_palvelut_11_hero.png","contentUrl":"https:\/\/mroom.com\/wp-content\/uploads\/2024\/11\/mroom_palvelut_11_hero.png","width":1500,"height":400},{"@type":"BreadcrumbList","@id":"https:\/\/mroom.com\/fi\/palvelut\/#breadcrumb","itemListElement":[{"@type":"ListItem","position":1,"name":"Home","item":"https:\/\/mroom.com\/fi\/"},{"@type":"ListItem","position":2,"name":"Hinnasto"}]},{"@type":"WebSite","@id":"https:\/\/mroom.com\/fi\/#website","url":"https:\/\/mroom.com\/fi\/","name":"M Room","description":"Ihan uusi WordPress-sivusto","publisher":{"@id":"https:\/\/mroom.com\/fi\/#organization"},"potentialAction":[{"@type":"SearchAction","target":{"@type":"EntryPoint","urlTemplate":"https:\/\/mroom.com\/fi\/?s={search_term_string}"},"query-input":{"@type":"PropertyValueSpecification","valueRequired":true,"valueName":"search_term_string"}}],"inLanguage":"fi"},{"@type":"Organization","@id":"https:\/\/mroom.com\/fi\/#organization","name":"M Room","url":"https:\/\/mroom.com\/fi\/","logo":{"@type":"ImageObject","inLanguage":"fi","@id":"https:\/\/mroom.com\/fi\/#\/schema\/logo\/image\/","url":"https:\/\/mroom.com\/wp-content\/uploads\/2022\/08\/MRoom_logo_slogan.jpg","contentUrl":"https:\/\/mroom.com\/wp-content\/uploads\/2022\/08\/MRoom_logo_slogan.jpg","width":300,"height":300,"caption":"M Room"},"image":{"@id":"https:\/\/mroom.com\/fi\/#\/schema\/logo\/image\/"},"sameAs":["https:\/\/www.facebook.com\/MRoomBarbershop\/?fref=ts","https:\/\/www.instagram.com\/mroom_official\/?hl=en","https:\/\/www.youtube.com\/c\/MRoomOfficial"]}]}},"_links":{"self":[{"href":"https:\/\/mroom.com\/fi\/wp-json\/wp\/v2\/pages\/8284","targetHints":{"allow":["GET"]}}],"collection":[{"href":"https:\/\/mroom.com\/fi\/wp-json\/wp\/v2\/pages"}],"about":[{"href":"https:\/\/mroom.com\/fi\/wp-json\/wp\/v2\/types\/page"}],"author":[{"embeddable":true,"href":"https:\/\/mroom.com\/fi\/wp-json\/wp\/v2\/users\/23"}],"replies":[{"embeddable":true,"href":"https:\/\/mroom.com\/fi\/wp-json\/wp\/v2\/comments?post=8284"}],"version-history":[{"count":31,"href":"https:\/\/mroom.com\/fi\/wp-json\/wp\/v2\/pages\/8284\/revisions"}],"predecessor-version":[{"id":12015,"href":"https:\/\/mroom.com\/fi\/wp-json\/wp\/v2\/pages\/8284\/revisions\/12015"}],"wp:featuredmedia":[{"embeddable":true,"href":"https:\/\/mroom.com\/fi\/wp-json\/wp\/v2\/media\/11541"}],"wp:attachment":[{"href":"https:\/\/mroom.com\/fi\/wp-json\/wp\/v2\/media?parent=8284"}],"curies":[{"name":"wp","href":"https:\/\/api.w.org\/{rel}","templated":true}]}}