{"id":7956,"date":"2021-08-13T15:41:50","date_gmt":"2021-08-13T12:41:50","guid":{"rendered":"https:\/\/mroom.com?page_id=7956"},"modified":"2025-12-09T14:46:00","modified_gmt":"2025-12-09T12:46:00","slug":"etusivu","status":"publish","type":"page","link":"https:\/\/mroom.com\/fi\/","title":{"rendered":"Etusivu"},"content":{"rendered":"","protected":false},"excerpt":{"rendered":"","protected":false},"author":13,"featured_media":11451,"parent":0,"menu_order":0,"comment_status":"closed","ping_status":"closed","template":"page-newtemplate.php","meta":{"_acf_changed":false,"footnotes":""},"class_list":["post-7956","page","type-page","status-publish","has-post-thumbnail","hentry"],"acf":[],"yoast_head":"<!-- This site is optimized with the Yoast SEO plugin v27.3 - https:\/\/yoast.com\/product\/yoast-seo-wordpress\/ -->\n<title>Parturiin ilman ajanvarausta ymp\u00e4ri Suomen - liity parturijonoon netiss\u00e4<\/title>\n<meta name=\"description\" content=\"M Roomissa p\u00e4\u00e4set parturiin ilman ajanvarausta ymp\u00e4ri Suomen. Katso l\u00e4hin liikkeesi ja jonotilanne k\u00e4tev\u00e4sti netiss\u00e4 ja liity parturijonoon!\" \/>\n<meta name=\"robots\" content=\"index, follow, max-snippet:-1, max-image-preview:large, max-video-preview:-1\" \/>\n<link rel=\"canonical\" href=\"https:\/\/mroom.com\/fi\/\" \/>\n<meta property=\"og:locale\" content=\"fi_FI\" \/>\n<meta property=\"og:type\" content=\"article\" \/>\n<meta property=\"og:title\" content=\"Parturiin ilman ajanvarausta ymp\u00e4ri Suomen - liity parturijonoon netiss\u00e4\" \/>\n<meta property=\"og:description\" content=\"M Roomissa p\u00e4\u00e4set parturiin ilman ajanvarausta ymp\u00e4ri Suomen. Katso l\u00e4hin liikkeesi ja jonotilanne k\u00e4tev\u00e4sti netiss\u00e4 ja liity parturijonoon!\" \/>\n<meta property=\"og:url\" content=\"https:\/\/mroom.com\/fi\/\" \/>\n<meta property=\"og:site_name\" content=\"M Room\" \/>\n<meta property=\"article:publisher\" content=\"https:\/\/www.facebook.com\/MRoomBarbershop\/?fref=ts\" \/>\n<meta property=\"article:modified_time\" content=\"2025-12-09T12:46:00+00:00\" \/>\n<meta property=\"og:image\" content=\"https:\/\/mroom.com\/wp-content\/uploads\/2024\/10\/Landerin-banneri-\u2013-1-1024x683.png\" \/>\n\t<meta property=\"og:image:width\" content=\"1024\" \/>\n\t<meta property=\"og:image:height\" content=\"683\" \/>\n\t<meta property=\"og:image:type\" content=\"image\/png\" \/>\n<meta name=\"twitter:card\" content=\"summary_large_image\" \/>\n<meta name=\"twitter:label1\" content=\"Est. reading time\" \/>\n\t<meta name=\"twitter:data1\" content=\"1 minuutti\" \/>\n<script type=\"application\/ld+json\" class=\"yoast-schema-graph\">{\"@context\":\"https:\\\/\\\/schema.org\",\"@graph\":[{\"@type\":\"WebPage\",\"@id\":\"https:\\\/\\\/mroom.com\\\/fi\\\/\",\"url\":\"https:\\\/\\\/mroom.com\\\/fi\\\/\",\"name\":\"Parturiin ilman ajanvarausta ymp\u00e4ri Suomen - liity parturijonoon netiss\u00e4\",\"isPartOf\":{\"@id\":\"https:\\\/\\\/mroom.com\\\/fi\\\/#website\"},\"primaryImageOfPage\":{\"@id\":\"https:\\\/\\\/mroom.com\\\/fi\\\/#primaryimage\"},\"image\":{\"@id\":\"https:\\\/\\\/mroom.com\\\/fi\\\/#primaryimage\"},\"thumbnailUrl\":\"https:\\\/\\\/mroom.com\\\/wp-content\\\/uploads\\\/2024\\\/10\\\/Landerin-banneri-\u2013-1.png\",\"datePublished\":\"2021-08-13T12:41:50+00:00\",\"dateModified\":\"2025-12-09T12:46:00+00:00\",\"description\":\"M Roomissa p\u00e4\u00e4set parturiin ilman ajanvarausta ymp\u00e4ri Suomen. Katso l\u00e4hin liikkeesi ja jonotilanne k\u00e4tev\u00e4sti netiss\u00e4 ja liity parturijonoon!\",\"breadcrumb\":{\"@id\":\"https:\\\/\\\/mroom.com\\\/fi\\\/#breadcrumb\"},\"inLanguage\":\"fi\",\"potentialAction\":[{\"@type\":\"ReadAction\",\"target\":[\"https:\\\/\\\/mroom.com\\\/fi\\\/\"]}]},{\"@type\":\"ImageObject\",\"inLanguage\":\"fi\",\"@id\":\"https:\\\/\\\/mroom.com\\\/fi\\\/#primaryimage\",\"url\":\"https:\\\/\\\/mroom.com\\\/wp-content\\\/uploads\\\/2024\\\/10\\\/Landerin-banneri-\u2013-1.png\",\"contentUrl\":\"https:\\\/\\\/mroom.com\\\/wp-content\\\/uploads\\\/2024\\\/10\\\/Landerin-banneri-\u2013-1.png\",\"width\":2048,\"height\":1365,\"caption\":\"M Room kuopio\"},{\"@type\":\"BreadcrumbList\",\"@id\":\"https:\\\/\\\/mroom.com\\\/fi\\\/#breadcrumb\",\"itemListElement\":[{\"@type\":\"ListItem\",\"position\":1,\"name\":\"Home\",\"item\":\"https:\\\/\\\/mroom.com\\\/fi\\\/\"},{\"@type\":\"ListItem\",\"position\":2,\"name\":\"Etusivu\"}]},{\"@type\":\"WebSite\",\"@id\":\"https:\\\/\\\/mroom.com\\\/fi\\\/#website\",\"url\":\"https:\\\/\\\/mroom.com\\\/fi\\\/\",\"name\":\"M Room\",\"description\":\"Ihan uusi WordPress-sivusto\",\"publisher\":{\"@id\":\"https:\\\/\\\/mroom.com\\\/fi\\\/#organization\"},\"potentialAction\":[{\"@type\":\"SearchAction\",\"target\":{\"@type\":\"EntryPoint\",\"urlTemplate\":\"https:\\\/\\\/mroom.com\\\/fi\\\/?s={search_term_string}\"},\"query-input\":{\"@type\":\"PropertyValueSpecification\",\"valueRequired\":true,\"valueName\":\"search_term_string\"}}],\"inLanguage\":\"fi\"},{\"@type\":\"Organization\",\"@id\":\"https:\\\/\\\/mroom.com\\\/fi\\\/#organization\",\"name\":\"M Room\",\"url\":\"https:\\\/\\\/mroom.com\\\/fi\\\/\",\"logo\":{\"@type\":\"ImageObject\",\"inLanguage\":\"fi\",\"@id\":\"https:\\\/\\\/mroom.com\\\/fi\\\/#\\\/schema\\\/logo\\\/image\\\/\",\"url\":\"https:\\\/\\\/mroom.com\\\/wp-content\\\/uploads\\\/2022\\\/08\\\/MRoom_logo_slogan.jpg\",\"contentUrl\":\"https:\\\/\\\/mroom.com\\\/wp-content\\\/uploads\\\/2022\\\/08\\\/MRoom_logo_slogan.jpg\",\"width\":300,\"height\":300,\"caption\":\"M Room\"},\"image\":{\"@id\":\"https:\\\/\\\/mroom.com\\\/fi\\\/#\\\/schema\\\/logo\\\/image\\\/\"},\"sameAs\":[\"https:\\\/\\\/www.facebook.com\\\/MRoomBarbershop\\\/?fref=ts\",\"https:\\\/\\\/www.instagram.com\\\/mroom_official\\\/?hl=en\",\"https:\\\/\\\/www.youtube.com\\\/c\\\/MRoomOfficial\"]}]}<\/script>\n<!-- \/ Yoast SEO plugin. -->","yoast_head_json":{"title":"Parturiin ilman ajanvarausta ymp\u00e4ri Suomen - liity parturijonoon netiss\u00e4","description":"M Roomissa p\u00e4\u00e4set parturiin ilman ajanvarausta ymp\u00e4ri Suomen. Katso l\u00e4hin liikkeesi ja jonotilanne k\u00e4tev\u00e4sti netiss\u00e4 ja liity parturijonoon!","robots":{"index":"index","follow":"follow","max-snippet":"max-snippet:-1","max-image-preview":"max-image-preview:large","max-video-preview":"max-video-preview:-1"},"canonical":"https:\/\/mroom.com\/fi\/","og_locale":"fi_FI","og_type":"article","og_title":"Parturiin ilman ajanvarausta ymp\u00e4ri Suomen - liity parturijonoon netiss\u00e4","og_description":"M Roomissa p\u00e4\u00e4set parturiin ilman ajanvarausta ymp\u00e4ri Suomen. Katso l\u00e4hin liikkeesi ja jonotilanne k\u00e4tev\u00e4sti netiss\u00e4 ja liity parturijonoon!","og_url":"https:\/\/mroom.com\/fi\/","og_site_name":"M Room","article_publisher":"https:\/\/www.facebook.com\/MRoomBarbershop\/?fref=ts","article_modified_time":"2025-12-09T12:46:00+00:00","og_image":[{"width":1024,"height":683,"url":"https:\/\/mroom.com\/wp-content\/uploads\/2024\/10\/Landerin-banneri-\u2013-1-1024x683.png","type":"image\/png"}],"twitter_card":"summary_large_image","twitter_misc":{"Est. reading time":"1 minuutti"},"schema":{"@context":"https:\/\/schema.org","@graph":[{"@type":"WebPage","@id":"https:\/\/mroom.com\/fi\/","url":"https:\/\/mroom.com\/fi\/","name":"Parturiin ilman ajanvarausta ymp\u00e4ri Suomen - liity parturijonoon netiss\u00e4","isPartOf":{"@id":"https:\/\/mroom.com\/fi\/#website"},"primaryImageOfPage":{"@id":"https:\/\/mroom.com\/fi\/#primaryimage"},"image":{"@id":"https:\/\/mroom.com\/fi\/#primaryimage"},"thumbnailUrl":"https:\/\/mroom.com\/wp-content\/uploads\/2024\/10\/Landerin-banneri-\u2013-1.png","datePublished":"2021-08-13T12:41:50+00:00","dateModified":"2025-12-09T12:46:00+00:00","description":"M Roomissa p\u00e4\u00e4set parturiin ilman ajanvarausta ymp\u00e4ri Suomen. Katso l\u00e4hin liikkeesi ja jonotilanne k\u00e4tev\u00e4sti netiss\u00e4 ja liity parturijonoon!","breadcrumb":{"@id":"https:\/\/mroom.com\/fi\/#breadcrumb"},"inLanguage":"fi","potentialAction":[{"@type":"ReadAction","target":["https:\/\/mroom.com\/fi\/"]}]},{"@type":"ImageObject","inLanguage":"fi","@id":"https:\/\/mroom.com\/fi\/#primaryimage","url":"https:\/\/mroom.com\/wp-content\/uploads\/2024\/10\/Landerin-banneri-\u2013-1.png","contentUrl":"https:\/\/mroom.com\/wp-content\/uploads\/2024\/10\/Landerin-banneri-\u2013-1.png","width":2048,"height":1365,"caption":"M Room kuopio"},{"@type":"BreadcrumbList","@id":"https:\/\/mroom.com\/fi\/#breadcrumb","itemListElement":[{"@type":"ListItem","position":1,"name":"Home","item":"https:\/\/mroom.com\/fi\/"},{"@type":"ListItem","position":2,"name":"Etusivu"}]},{"@type":"WebSite","@id":"https:\/\/mroom.com\/fi\/#website","url":"https:\/\/mroom.com\/fi\/","name":"M Room","description":"Ihan uusi WordPress-sivusto","publisher":{"@id":"https:\/\/mroom.com\/fi\/#organization"},"potentialAction":[{"@type":"SearchAction","target":{"@type":"EntryPoint","urlTemplate":"https:\/\/mroom.com\/fi\/?s={search_term_string}"},"query-input":{"@type":"PropertyValueSpecification","valueRequired":true,"valueName":"search_term_string"}}],"inLanguage":"fi"},{"@type":"Organization","@id":"https:\/\/mroom.com\/fi\/#organization","name":"M Room","url":"https:\/\/mroom.com\/fi\/","logo":{"@type":"ImageObject","inLanguage":"fi","@id":"https:\/\/mroom.com\/fi\/#\/schema\/logo\/image\/","url":"https:\/\/mroom.com\/wp-content\/uploads\/2022\/08\/MRoom_logo_slogan.jpg","contentUrl":"https:\/\/mroom.com\/wp-content\/uploads\/2022\/08\/MRoom_logo_slogan.jpg","width":300,"height":300,"caption":"M Room"},"image":{"@id":"https:\/\/mroom.com\/fi\/#\/schema\/logo\/image\/"},"sameAs":["https:\/\/www.facebook.com\/MRoomBarbershop\/?fref=ts","https:\/\/www.instagram.com\/mroom_official\/?hl=en","https:\/\/www.youtube.com\/c\/MRoomOfficial"]}]}},"_links":{"self":[{"href":"https:\/\/mroom.com\/fi\/wp-json\/wp\/v2\/pages\/7956","targetHints":{"allow":["GET"]}}],"collection":[{"href":"https:\/\/mroom.com\/fi\/wp-json\/wp\/v2\/pages"}],"about":[{"href":"https:\/\/mroom.com\/fi\/wp-json\/wp\/v2\/types\/page"}],"author":[{"embeddable":true,"href":"https:\/\/mroom.com\/fi\/wp-json\/wp\/v2\/users\/13"}],"replies":[{"embeddable":true,"href":"https:\/\/mroom.com\/fi\/wp-json\/wp\/v2\/comments?post=7956"}],"version-history":[{"count":30,"href":"https:\/\/mroom.com\/fi\/wp-json\/wp\/v2\/pages\/7956\/revisions"}],"predecessor-version":[{"id":12115,"href":"https:\/\/mroom.com\/fi\/wp-json\/wp\/v2\/pages\/7956\/revisions\/12115"}],"wp:featuredmedia":[{"embeddable":true,"href":"https:\/\/mroom.com\/fi\/wp-json\/wp\/v2\/media\/11451"}],"wp:attachment":[{"href":"https:\/\/mroom.com\/fi\/wp-json\/wp\/v2\/media?parent=7956"}],"curies":[{"name":"wp","href":"https:\/\/api.w.org\/{rel}","templated":true}]}}