{"id":6,"date":"2017-04-18T10:27:47","date_gmt":"2017-04-18T07:27:47","guid":{"rendered":"https:\/\/mroom.comwp\/?page_id=6"},"modified":"2024-02-13T08:18:13","modified_gmt":"2024-02-13T06:18:13","slug":"parturi-miehille-ilman-ajanvarausta","status":"publish","type":"page","link":"https:\/\/mroom.com\/fi\/parturi-miehille-ilman-ajanvarausta\/","title":{"rendered":"Parturi ilman ajanvarausta"},"content":{"rendered":"<p>Haluatko parturik\u00e4ynnin ilman ajanvarausta? M Room on t\u00e4ydellinen vaihtoehto niille, jotka etsiv\u00e4t laadukasta ja joustavaa parturipalvelua ilman ajanvarauksen vaivaa. Ymm\u00e4rr\u00e4mme, ett\u00e4 kiireinen el\u00e4m\u00e4ntyyli ei aina mahdollista etuk\u00e4teissuunnittelua, joten tarjoamme ratkaisun, jossa voit saapua parturiin juuri silloin kun se sinulle parhaiten sopii. Meid\u00e4n \u201dparturi ilman ajanvarausta\u201d -palvelukonseptimme on suunniteltu vastaamaan nykyp\u00e4iv\u00e4n ihmisten tarpeita, jotka arvostavat nopeutta ja vaivattomuutta.<\/p>\n<p>Palveluistamme l\u00f6yd\u00e4t kaiken mit\u00e4 komeudenhoitoon tarvitset: saisiko olla esimerkiksi veitsirajaus hiuksille tai todellinen parranajojen Rolls-Royce, amerikkalainen parranajo?<\/p>\n<p>N\u00e4m\u00e4 ja muut palvelumme l\u00f6yd\u00e4t l\u00e4himm\u00e4st\u00e4 M Roomistasi.<\/p>\n","protected":false},"excerpt":{"rendered":"<p>Haluatko parturik\u00e4ynnin ilman ajanvarausta? M Room on t\u00e4ydellinen vaihtoehto niille, jotka etsiv\u00e4t laadukasta ja joustavaa parturipalvelua ilman ajanvarauksen vaivaa. Ymm\u00e4rr\u00e4mme, ett\u00e4 kiireinen el\u00e4m\u00e4ntyyli ei aina mahdollista etuk\u00e4teissuunnittelua, joten tarjoamme ratkaisun, jossa voit saapua parturiin juuri silloin kun se sinulle parhaiten sopii. Meid\u00e4n \u201dparturi ilman ajanvarausta\u201d -palvelukonseptimme on suunniteltu vastaamaan nykyp\u00e4iv\u00e4n ihmisten tarpeita, jotka arvostavat nopeutta [&hellip;]<\/p>\n","protected":false},"author":13,"featured_media":0,"parent":0,"menu_order":0,"comment_status":"closed","ping_status":"closed","template":"page-newtemplate.php","meta":{"_acf_changed":false,"footnotes":""},"class_list":["post-6","page","type-page","status-publish","hentry"],"acf":[],"yoast_head":"<!-- This site is optimized with the Yoast SEO plugin v27.4 - https:\/\/yoast.com\/product\/yoast-seo-wordpress\/ -->\n<title>M Room - Parturi miehille ilman ajanvarausta ymp\u00e4ri Suomen<\/title>\n<meta name=\"description\" content=\"M Room on ilman ajanvarausta palveleva parturi miehille. Meilt\u00e4 kaikki miehisen komeudenhoidon palvelut hiustenleikkauksista parranajoon.\" \/>\n<meta name=\"robots\" content=\"index, follow, max-snippet:-1, max-image-preview:large, max-video-preview:-1\" \/>\n<link rel=\"canonical\" href=\"https:\/\/mroom.com\/fi\/parturi-miehille-ilman-ajanvarausta\/\" \/>\n<meta property=\"og:locale\" content=\"fi_FI\" \/>\n<meta property=\"og:type\" content=\"article\" \/>\n<meta property=\"og:title\" content=\"M Room - Parturi miehille ilman ajanvarausta ymp\u00e4ri Suomen\" \/>\n<meta property=\"og:description\" content=\"M Room on ilman ajanvarausta palveleva parturi miehille. Meilt\u00e4 kaikki miehisen komeudenhoidon palvelut hiustenleikkauksista parranajoon.\" \/>\n<meta property=\"og:url\" content=\"https:\/\/mroom.com\/fi\/parturi-miehille-ilman-ajanvarausta\/\" \/>\n<meta property=\"og:site_name\" content=\"M Room\" \/>\n<meta property=\"article:publisher\" content=\"https:\/\/www.facebook.com\/MRoomBarbershop\/?fref=ts\" \/>\n<meta property=\"article:modified_time\" content=\"2024-02-13T06:18:13+00:00\" \/>\n<meta name=\"twitter:card\" content=\"summary_large_image\" \/>\n<meta name=\"twitter:label1\" content=\"Est. reading time\" \/>\n\t<meta name=\"twitter:data1\" content=\"1 minuutti\" \/>\n<script type=\"application\/ld+json\" class=\"yoast-schema-graph\">{\"@context\":\"https:\\\/\\\/schema.org\",\"@graph\":[{\"@type\":\"WebPage\",\"@id\":\"https:\\\/\\\/mroom.com\\\/fi\\\/parturi-miehille-ilman-ajanvarausta\\\/\",\"url\":\"https:\\\/\\\/mroom.com\\\/fi\\\/parturi-miehille-ilman-ajanvarausta\\\/\",\"name\":\"M Room - Parturi miehille ilman ajanvarausta ymp\u00e4ri Suomen\",\"isPartOf\":{\"@id\":\"https:\\\/\\\/mroom.com\\\/fi\\\/#website\"},\"datePublished\":\"2017-04-18T07:27:47+00:00\",\"dateModified\":\"2024-02-13T06:18:13+00:00\",\"description\":\"M Room on ilman ajanvarausta palveleva parturi miehille. Meilt\u00e4 kaikki miehisen komeudenhoidon palvelut hiustenleikkauksista parranajoon.\",\"breadcrumb\":{\"@id\":\"https:\\\/\\\/mroom.com\\\/fi\\\/parturi-miehille-ilman-ajanvarausta\\\/#breadcrumb\"},\"inLanguage\":\"fi\",\"potentialAction\":[{\"@type\":\"ReadAction\",\"target\":[\"https:\\\/\\\/mroom.com\\\/fi\\\/parturi-miehille-ilman-ajanvarausta\\\/\"]}]},{\"@type\":\"BreadcrumbList\",\"@id\":\"https:\\\/\\\/mroom.com\\\/fi\\\/parturi-miehille-ilman-ajanvarausta\\\/#breadcrumb\",\"itemListElement\":[{\"@type\":\"ListItem\",\"position\":1,\"name\":\"Home\",\"item\":\"https:\\\/\\\/mroom.com\\\/fi\\\/\"},{\"@type\":\"ListItem\",\"position\":2,\"name\":\"Parturi ilman ajanvarausta\"}]},{\"@type\":\"WebSite\",\"@id\":\"https:\\\/\\\/mroom.com\\\/fi\\\/#website\",\"url\":\"https:\\\/\\\/mroom.com\\\/fi\\\/\",\"name\":\"M Room\",\"description\":\"Ihan uusi WordPress-sivusto\",\"publisher\":{\"@id\":\"https:\\\/\\\/mroom.com\\\/fi\\\/#organization\"},\"potentialAction\":[{\"@type\":\"SearchAction\",\"target\":{\"@type\":\"EntryPoint\",\"urlTemplate\":\"https:\\\/\\\/mroom.com\\\/fi\\\/?s={search_term_string}\"},\"query-input\":{\"@type\":\"PropertyValueSpecification\",\"valueRequired\":true,\"valueName\":\"search_term_string\"}}],\"inLanguage\":\"fi\"},{\"@type\":\"Organization\",\"@id\":\"https:\\\/\\\/mroom.com\\\/fi\\\/#organization\",\"name\":\"M Room\",\"url\":\"https:\\\/\\\/mroom.com\\\/fi\\\/\",\"logo\":{\"@type\":\"ImageObject\",\"inLanguage\":\"fi\",\"@id\":\"https:\\\/\\\/mroom.com\\\/fi\\\/#\\\/schema\\\/logo\\\/image\\\/\",\"url\":\"https:\\\/\\\/mroom.com\\\/wp-content\\\/uploads\\\/2022\\\/08\\\/MRoom_logo_slogan.jpg\",\"contentUrl\":\"https:\\\/\\\/mroom.com\\\/wp-content\\\/uploads\\\/2022\\\/08\\\/MRoom_logo_slogan.jpg\",\"width\":300,\"height\":300,\"caption\":\"M Room\"},\"image\":{\"@id\":\"https:\\\/\\\/mroom.com\\\/fi\\\/#\\\/schema\\\/logo\\\/image\\\/\"},\"sameAs\":[\"https:\\\/\\\/www.facebook.com\\\/MRoomBarbershop\\\/?fref=ts\",\"https:\\\/\\\/www.instagram.com\\\/mroom_official\\\/?hl=en\",\"https:\\\/\\\/www.youtube.com\\\/c\\\/MRoomOfficial\"]}]}<\/script>\n<!-- \/ Yoast SEO plugin. -->","yoast_head_json":{"title":"M Room - Parturi miehille ilman ajanvarausta ymp\u00e4ri Suomen","description":"M Room on ilman ajanvarausta palveleva parturi miehille. Meilt\u00e4 kaikki miehisen komeudenhoidon palvelut hiustenleikkauksista parranajoon.","robots":{"index":"index","follow":"follow","max-snippet":"max-snippet:-1","max-image-preview":"max-image-preview:large","max-video-preview":"max-video-preview:-1"},"canonical":"https:\/\/mroom.com\/fi\/parturi-miehille-ilman-ajanvarausta\/","og_locale":"fi_FI","og_type":"article","og_title":"M Room - Parturi miehille ilman ajanvarausta ymp\u00e4ri Suomen","og_description":"M Room on ilman ajanvarausta palveleva parturi miehille. Meilt\u00e4 kaikki miehisen komeudenhoidon palvelut hiustenleikkauksista parranajoon.","og_url":"https:\/\/mroom.com\/fi\/parturi-miehille-ilman-ajanvarausta\/","og_site_name":"M Room","article_publisher":"https:\/\/www.facebook.com\/MRoomBarbershop\/?fref=ts","article_modified_time":"2024-02-13T06:18:13+00:00","twitter_card":"summary_large_image","twitter_misc":{"Est. reading time":"1 minuutti"},"schema":{"@context":"https:\/\/schema.org","@graph":[{"@type":"WebPage","@id":"https:\/\/mroom.com\/fi\/parturi-miehille-ilman-ajanvarausta\/","url":"https:\/\/mroom.com\/fi\/parturi-miehille-ilman-ajanvarausta\/","name":"M Room - Parturi miehille ilman ajanvarausta ymp\u00e4ri Suomen","isPartOf":{"@id":"https:\/\/mroom.com\/fi\/#website"},"datePublished":"2017-04-18T07:27:47+00:00","dateModified":"2024-02-13T06:18:13+00:00","description":"M Room on ilman ajanvarausta palveleva parturi miehille. Meilt\u00e4 kaikki miehisen komeudenhoidon palvelut hiustenleikkauksista parranajoon.","breadcrumb":{"@id":"https:\/\/mroom.com\/fi\/parturi-miehille-ilman-ajanvarausta\/#breadcrumb"},"inLanguage":"fi","potentialAction":[{"@type":"ReadAction","target":["https:\/\/mroom.com\/fi\/parturi-miehille-ilman-ajanvarausta\/"]}]},{"@type":"BreadcrumbList","@id":"https:\/\/mroom.com\/fi\/parturi-miehille-ilman-ajanvarausta\/#breadcrumb","itemListElement":[{"@type":"ListItem","position":1,"name":"Home","item":"https:\/\/mroom.com\/fi\/"},{"@type":"ListItem","position":2,"name":"Parturi ilman ajanvarausta"}]},{"@type":"WebSite","@id":"https:\/\/mroom.com\/fi\/#website","url":"https:\/\/mroom.com\/fi\/","name":"M Room","description":"Ihan uusi WordPress-sivusto","publisher":{"@id":"https:\/\/mroom.com\/fi\/#organization"},"potentialAction":[{"@type":"SearchAction","target":{"@type":"EntryPoint","urlTemplate":"https:\/\/mroom.com\/fi\/?s={search_term_string}"},"query-input":{"@type":"PropertyValueSpecification","valueRequired":true,"valueName":"search_term_string"}}],"inLanguage":"fi"},{"@type":"Organization","@id":"https:\/\/mroom.com\/fi\/#organization","name":"M Room","url":"https:\/\/mroom.com\/fi\/","logo":{"@type":"ImageObject","inLanguage":"fi","@id":"https:\/\/mroom.com\/fi\/#\/schema\/logo\/image\/","url":"https:\/\/mroom.com\/wp-content\/uploads\/2022\/08\/MRoom_logo_slogan.jpg","contentUrl":"https:\/\/mroom.com\/wp-content\/uploads\/2022\/08\/MRoom_logo_slogan.jpg","width":300,"height":300,"caption":"M Room"},"image":{"@id":"https:\/\/mroom.com\/fi\/#\/schema\/logo\/image\/"},"sameAs":["https:\/\/www.facebook.com\/MRoomBarbershop\/?fref=ts","https:\/\/www.instagram.com\/mroom_official\/?hl=en","https:\/\/www.youtube.com\/c\/MRoomOfficial"]}]}},"_links":{"self":[{"href":"https:\/\/mroom.com\/fi\/wp-json\/wp\/v2\/pages\/6","targetHints":{"allow":["GET"]}}],"collection":[{"href":"https:\/\/mroom.com\/fi\/wp-json\/wp\/v2\/pages"}],"about":[{"href":"https:\/\/mroom.com\/fi\/wp-json\/wp\/v2\/types\/page"}],"author":[{"embeddable":true,"href":"https:\/\/mroom.com\/fi\/wp-json\/wp\/v2\/users\/13"}],"replies":[{"embeddable":true,"href":"https:\/\/mroom.com\/fi\/wp-json\/wp\/v2\/comments?post=6"}],"version-history":[{"count":31,"href":"https:\/\/mroom.com\/fi\/wp-json\/wp\/v2\/pages\/6\/revisions"}],"predecessor-version":[{"id":10675,"href":"https:\/\/mroom.com\/fi\/wp-json\/wp\/v2\/pages\/6\/revisions\/10675"}],"wp:attachment":[{"href":"https:\/\/mroom.com\/fi\/wp-json\/wp\/v2\/media?parent=6"}],"curies":[{"name":"wp","href":"https:\/\/api.w.org\/{rel}","templated":true}]}}