{"id":267,"date":"2017-04-27T13:22:44","date_gmt":"2017-04-27T10:22:44","guid":{"rendered":"https:\/\/mroom.com?page_id=267\/"},"modified":"2024-02-29T12:29:55","modified_gmt":"2024-02-29T10:29:55","slug":"parturit","status":"publish","type":"page","link":"https:\/\/mroom.com\/fi\/parturit\/","title":{"rendered":"Liikkeet"},"content":{"rendered":"","protected":false},"excerpt":{"rendered":"","protected":false},"author":13,"featured_media":0,"parent":0,"menu_order":10,"comment_status":"closed","ping_status":"closed","template":"page-kaupunkienpaasivu.php","meta":{"_acf_changed":false,"footnotes":""},"class_list":["post-267","page","type-page","status-publish","hentry"],"acf":[],"yoast_head":"<!-- This site is optimized with the Yoast SEO plugin v27.3 - https:\/\/yoast.com\/product\/yoast-seo-wordpress\/ -->\n<title>M Room Parturi - Parturi ilman ajanvarausta ymp\u00e4ri Suomen.<\/title>\n<meta name=\"description\" content=\"M Room parturiliikkeet palvelevat sinua ajanvarauksetta jo yli 30:ll\u00e4 paikkakunnalla ymp\u00e4ri Suomen. L\u00e4himm\u00e4n liikkeen l\u00f6yd\u00e4t t\u00e4\u00e4lt\u00e4 helposti.\" \/>\n<meta name=\"robots\" content=\"index, follow, max-snippet:-1, max-image-preview:large, max-video-preview:-1\" \/>\n<link rel=\"canonical\" href=\"https:\/\/mroom.com\/fi\/parturit\/\" \/>\n<meta property=\"og:locale\" content=\"fi_FI\" \/>\n<meta property=\"og:type\" content=\"article\" \/>\n<meta property=\"og:title\" content=\"M Room Parturi - Parturi ilman ajanvarausta ymp\u00e4ri Suomen.\" \/>\n<meta property=\"og:description\" content=\"M Room parturiliikkeet palvelevat sinua ajanvarauksetta jo yli 30:ll\u00e4 paikkakunnalla ymp\u00e4ri Suomen. L\u00e4himm\u00e4n liikkeen l\u00f6yd\u00e4t t\u00e4\u00e4lt\u00e4 helposti.\" \/>\n<meta property=\"og:url\" content=\"https:\/\/mroom.com\/fi\/parturit\/\" \/>\n<meta property=\"og:site_name\" content=\"M Room\" \/>\n<meta property=\"article:publisher\" content=\"https:\/\/www.facebook.com\/MRoomBarbershop\/?fref=ts\" \/>\n<meta property=\"article:modified_time\" content=\"2024-02-29T10:29:55+00:00\" \/>\n<meta name=\"twitter:card\" content=\"summary_large_image\" \/>\n<script type=\"application\/ld+json\" class=\"yoast-schema-graph\">{\"@context\":\"https:\\\/\\\/schema.org\",\"@graph\":[{\"@type\":\"WebPage\",\"@id\":\"https:\\\/\\\/mroom.com\\\/fi\\\/parturit\\\/\",\"url\":\"https:\\\/\\\/mroom.com\\\/fi\\\/parturit\\\/\",\"name\":\"M Room Parturi - Parturi ilman ajanvarausta ymp\u00e4ri Suomen.\",\"isPartOf\":{\"@id\":\"https:\\\/\\\/mroom.com\\\/fi\\\/#website\"},\"datePublished\":\"2017-04-27T10:22:44+00:00\",\"dateModified\":\"2024-02-29T10:29:55+00:00\",\"description\":\"M Room parturiliikkeet palvelevat sinua ajanvarauksetta jo yli 30:ll\u00e4 paikkakunnalla ymp\u00e4ri Suomen. L\u00e4himm\u00e4n liikkeen l\u00f6yd\u00e4t t\u00e4\u00e4lt\u00e4 helposti.\",\"breadcrumb\":{\"@id\":\"https:\\\/\\\/mroom.com\\\/fi\\\/parturit\\\/#breadcrumb\"},\"inLanguage\":\"fi\",\"potentialAction\":[{\"@type\":\"ReadAction\",\"target\":[\"https:\\\/\\\/mroom.com\\\/fi\\\/parturit\\\/\"]}]},{\"@type\":\"BreadcrumbList\",\"@id\":\"https:\\\/\\\/mroom.com\\\/fi\\\/parturit\\\/#breadcrumb\",\"itemListElement\":[{\"@type\":\"ListItem\",\"position\":1,\"name\":\"Home\",\"item\":\"https:\\\/\\\/mroom.com\\\/fi\\\/\"},{\"@type\":\"ListItem\",\"position\":2,\"name\":\"Liikkeet\"}]},{\"@type\":\"WebSite\",\"@id\":\"https:\\\/\\\/mroom.com\\\/fi\\\/#website\",\"url\":\"https:\\\/\\\/mroom.com\\\/fi\\\/\",\"name\":\"M Room\",\"description\":\"Ihan uusi WordPress-sivusto\",\"publisher\":{\"@id\":\"https:\\\/\\\/mroom.com\\\/fi\\\/#organization\"},\"potentialAction\":[{\"@type\":\"SearchAction\",\"target\":{\"@type\":\"EntryPoint\",\"urlTemplate\":\"https:\\\/\\\/mroom.com\\\/fi\\\/?s={search_term_string}\"},\"query-input\":{\"@type\":\"PropertyValueSpecification\",\"valueRequired\":true,\"valueName\":\"search_term_string\"}}],\"inLanguage\":\"fi\"},{\"@type\":\"Organization\",\"@id\":\"https:\\\/\\\/mroom.com\\\/fi\\\/#organization\",\"name\":\"M Room\",\"url\":\"https:\\\/\\\/mroom.com\\\/fi\\\/\",\"logo\":{\"@type\":\"ImageObject\",\"inLanguage\":\"fi\",\"@id\":\"https:\\\/\\\/mroom.com\\\/fi\\\/#\\\/schema\\\/logo\\\/image\\\/\",\"url\":\"https:\\\/\\\/mroom.com\\\/wp-content\\\/uploads\\\/2022\\\/08\\\/MRoom_logo_slogan.jpg\",\"contentUrl\":\"https:\\\/\\\/mroom.com\\\/wp-content\\\/uploads\\\/2022\\\/08\\\/MRoom_logo_slogan.jpg\",\"width\":300,\"height\":300,\"caption\":\"M Room\"},\"image\":{\"@id\":\"https:\\\/\\\/mroom.com\\\/fi\\\/#\\\/schema\\\/logo\\\/image\\\/\"},\"sameAs\":[\"https:\\\/\\\/www.facebook.com\\\/MRoomBarbershop\\\/?fref=ts\",\"https:\\\/\\\/www.instagram.com\\\/mroom_official\\\/?hl=en\",\"https:\\\/\\\/www.youtube.com\\\/c\\\/MRoomOfficial\"]}]}<\/script>\n<!-- \/ Yoast SEO plugin. -->","yoast_head_json":{"title":"M Room Parturi - Parturi ilman ajanvarausta ymp\u00e4ri Suomen.","description":"M Room parturiliikkeet palvelevat sinua ajanvarauksetta jo yli 30:ll\u00e4 paikkakunnalla ymp\u00e4ri Suomen. L\u00e4himm\u00e4n liikkeen l\u00f6yd\u00e4t t\u00e4\u00e4lt\u00e4 helposti.","robots":{"index":"index","follow":"follow","max-snippet":"max-snippet:-1","max-image-preview":"max-image-preview:large","max-video-preview":"max-video-preview:-1"},"canonical":"https:\/\/mroom.com\/fi\/parturit\/","og_locale":"fi_FI","og_type":"article","og_title":"M Room Parturi - Parturi ilman ajanvarausta ymp\u00e4ri Suomen.","og_description":"M Room parturiliikkeet palvelevat sinua ajanvarauksetta jo yli 30:ll\u00e4 paikkakunnalla ymp\u00e4ri Suomen. L\u00e4himm\u00e4n liikkeen l\u00f6yd\u00e4t t\u00e4\u00e4lt\u00e4 helposti.","og_url":"https:\/\/mroom.com\/fi\/parturit\/","og_site_name":"M Room","article_publisher":"https:\/\/www.facebook.com\/MRoomBarbershop\/?fref=ts","article_modified_time":"2024-02-29T10:29:55+00:00","twitter_card":"summary_large_image","schema":{"@context":"https:\/\/schema.org","@graph":[{"@type":"WebPage","@id":"https:\/\/mroom.com\/fi\/parturit\/","url":"https:\/\/mroom.com\/fi\/parturit\/","name":"M Room Parturi - Parturi ilman ajanvarausta ymp\u00e4ri Suomen.","isPartOf":{"@id":"https:\/\/mroom.com\/fi\/#website"},"datePublished":"2017-04-27T10:22:44+00:00","dateModified":"2024-02-29T10:29:55+00:00","description":"M Room parturiliikkeet palvelevat sinua ajanvarauksetta jo yli 30:ll\u00e4 paikkakunnalla ymp\u00e4ri Suomen. L\u00e4himm\u00e4n liikkeen l\u00f6yd\u00e4t t\u00e4\u00e4lt\u00e4 helposti.","breadcrumb":{"@id":"https:\/\/mroom.com\/fi\/parturit\/#breadcrumb"},"inLanguage":"fi","potentialAction":[{"@type":"ReadAction","target":["https:\/\/mroom.com\/fi\/parturit\/"]}]},{"@type":"BreadcrumbList","@id":"https:\/\/mroom.com\/fi\/parturit\/#breadcrumb","itemListElement":[{"@type":"ListItem","position":1,"name":"Home","item":"https:\/\/mroom.com\/fi\/"},{"@type":"ListItem","position":2,"name":"Liikkeet"}]},{"@type":"WebSite","@id":"https:\/\/mroom.com\/fi\/#website","url":"https:\/\/mroom.com\/fi\/","name":"M Room","description":"Ihan uusi WordPress-sivusto","publisher":{"@id":"https:\/\/mroom.com\/fi\/#organization"},"potentialAction":[{"@type":"SearchAction","target":{"@type":"EntryPoint","urlTemplate":"https:\/\/mroom.com\/fi\/?s={search_term_string}"},"query-input":{"@type":"PropertyValueSpecification","valueRequired":true,"valueName":"search_term_string"}}],"inLanguage":"fi"},{"@type":"Organization","@id":"https:\/\/mroom.com\/fi\/#organization","name":"M Room","url":"https:\/\/mroom.com\/fi\/","logo":{"@type":"ImageObject","inLanguage":"fi","@id":"https:\/\/mroom.com\/fi\/#\/schema\/logo\/image\/","url":"https:\/\/mroom.com\/wp-content\/uploads\/2022\/08\/MRoom_logo_slogan.jpg","contentUrl":"https:\/\/mroom.com\/wp-content\/uploads\/2022\/08\/MRoom_logo_slogan.jpg","width":300,"height":300,"caption":"M Room"},"image":{"@id":"https:\/\/mroom.com\/fi\/#\/schema\/logo\/image\/"},"sameAs":["https:\/\/www.facebook.com\/MRoomBarbershop\/?fref=ts","https:\/\/www.instagram.com\/mroom_official\/?hl=en","https:\/\/www.youtube.com\/c\/MRoomOfficial"]}]}},"_links":{"self":[{"href":"https:\/\/mroom.com\/fi\/wp-json\/wp\/v2\/pages\/267","targetHints":{"allow":["GET"]}}],"collection":[{"href":"https:\/\/mroom.com\/fi\/wp-json\/wp\/v2\/pages"}],"about":[{"href":"https:\/\/mroom.com\/fi\/wp-json\/wp\/v2\/types\/page"}],"author":[{"embeddable":true,"href":"https:\/\/mroom.com\/fi\/wp-json\/wp\/v2\/users\/13"}],"replies":[{"embeddable":true,"href":"https:\/\/mroom.com\/fi\/wp-json\/wp\/v2\/comments?post=267"}],"version-history":[{"count":30,"href":"https:\/\/mroom.com\/fi\/wp-json\/wp\/v2\/pages\/267\/revisions"}],"predecessor-version":[{"id":10785,"href":"https:\/\/mroom.com\/fi\/wp-json\/wp\/v2\/pages\/267\/revisions\/10785"}],"wp:attachment":[{"href":"https:\/\/mroom.com\/fi\/wp-json\/wp\/v2\/media?parent=267"}],"curies":[{"name":"wp","href":"https:\/\/api.w.org\/{rel}","templated":true}]}}