{"id":11765,"date":"2025-04-17T14:03:53","date_gmt":"2025-04-17T11:03:53","guid":{"rendered":"https:\/\/mroom.com\/?page_id=11765"},"modified":"2025-04-17T15:04:56","modified_gmt":"2025-04-17T12:04:56","slug":"saavuttettavuus","status":"publish","type":"page","link":"https:\/\/mroom.com\/fi\/saavuttettavuus\/","title":{"rendered":"Saavuttettavuusseloste"},"content":{"rendered":"<h2>Tunnistetiedot<\/h2>\n<p>M Room Oy pyrkii takaamaan, ett\u00e4 sen digitaaliset palvelut ovat saavutettavia EU:n saavutettavuusdirektiivin ja lain digitaalisten palvelujen tarjoamisesta (306\/2019) mukaisesti. T\u00e4m\u00e4 saavutettavuusseloste koskee seuraavia M Room -palveluja:<\/p>\n<p><a href=\"https:\/\/mroom.com\"><strong>mroom.com<\/strong><\/a> \u2013 verkkosivusto<br \/>\n<a href=\"https:\/\/my.mroom.com\"><strong>my.mroom.com<\/strong><\/a> \u2013 asiointipalvelu<\/p>\n<p>Seloste kattaa molemmat yll\u00e4 mainitut palvelut ja kuvaa niiden saavutettavuuden tilaa sek\u00e4 antaa ohjeet saavutettavuuspalautteen antamiseen.<\/p>\n<h2>Saavutettavuuden tila<\/h2>\n<p><strong>Palvelujen saavutettavuuden nykytila:<\/strong> melko saavutettava. Mroom.com-verkkosivusto ja my.mroom.com-asiointipalvelu t\u00e4ytt\u00e4v\u00e4t saavutettavuusvaatimukset osittain, mutta eiv\u00e4t kaikilta osin. Toisin sanoen palveluissa on viel\u00e4 joitakin kohtia, jotka eiv\u00e4t t\u00e4ysin vastaa lain edellytt\u00e4mi\u00e4 WCAG 2.1 -kriteerej\u00e4 AA-tasolla.<\/p>\n<p><strong>Havaitut saavutettavuusongelmat:<\/strong> Arvioinnissa on tunnistettu joitakin keskeisi\u00e4 saavutettavuuspuutteita, jotka voivat haitata sivuston k\u00e4ytt\u00f6\u00e4. Esimerkiksi osa kuvista puuttuu vaihtoehtoiset tekstit, ja joitakin sivuston toimintoja on vaikea k\u00e4ytt\u00e4\u00e4 pelk\u00e4ll\u00e4 n\u00e4pp\u00e4imist\u00f6ll\u00e4 tai ruudunlukijalla. N\u00e4m\u00e4 puutteet voivat potentiaalisesti vaikeuttaa palvelujen k\u00e4ytt\u00f6\u00e4 erityisesti niille k\u00e4ytt\u00e4jille, jotka tukeutuvat apuv\u00e4lineisiin. <strong>Olemme tunnistaneet keskeiset saavutettavuuspuutteet ja korjaamme ne osana tulevaa sivustouudistusta vuoden 2025 ja 2026 aikana.<\/strong><\/p>\n<h2>Palaute ja yhteystiedot<\/h2>\n<p>Kehit\u00e4mme palvelujen saavutettavuutta jatkuvasti ja otamme mielell\u00e4mme vastaan palautetta. Jos huomaat sivustoilla saavutettavuusongelmia tai sinulla on kysytt\u00e4v\u00e4\u00e4 saavutettavuudesta, ilmoita siit\u00e4 ensin meille (sivuston yll\u00e4pidolle). Voit ottaa yhteytt\u00e4 saavutettavuusasioissa seuraavasti:<\/p>\n<p><strong>S\u00e4hk\u00f6posti:<\/strong> <a href=\"mailto:privacy@lfgbrands.fi\">privacy@lfgbrands.fi<\/a><br \/>\nVastaamme palautteisiin mahdollisimman pian.<\/p>\n<h2>Saavutettavuuden valvonta<\/h2>\n<p><strong>Liikenne- ja viestint\u00e4virasto Traficom<\/strong> valvoo saavutettavuusvaatimusten noudattamista Suomessa. Jos et ole tyytyv\u00e4inen meilt\u00e4 saamaasi vastaukseen tai et saa vastausta lainkaan 14 p\u00e4iv\u00e4n kuluessa, sinulla on oikeus tehd\u00e4 saavutettavuuskantelu valvovalle viranomaiselle. Traficomin sivustolla (saavutettavuusvaatimukset.fi) on ohjeet kantelun tekemiseen. Voit my\u00f6s ottaa suoraan yhteytt\u00e4 Traficomin saavutettavuusvalvontaan:<\/p>\n<p>Verkkosivusto: <a href=\"https:\/\/www.saavutettavuusvaatimukset.fi\">www.saavutettavuusvaatimukset.fi<\/a><\/p>\n<h2>Saavutettavuusselosteen laatiminen<\/h2>\n<p>T\u00e4m\u00e4 saavutettavuusseloste on laadittu 15.4.2025. Selostetta p\u00e4ivitet\u00e4\u00e4n tarvittaessa sivustojen kehitysty\u00f6n edetess\u00e4 ja saavutettavuuden parantuessa.<\/p>\n","protected":false},"excerpt":{"rendered":"<p>Tunnistetiedot M Room Oy pyrkii takaamaan, ett\u00e4 sen digitaaliset palvelut ovat saavutettavia EU:n saavutettavuusdirektiivin ja lain digitaalisten palvelujen tarjoamisesta (306\/2019) mukaisesti. T\u00e4m\u00e4 saavutettavuusseloste koskee seuraavia M Room -palveluja: mroom.com \u2013 verkkosivusto my.mroom.com \u2013 asiointipalvelu Seloste kattaa molemmat yll\u00e4 mainitut palvelut ja kuvaa niiden saavutettavuuden tilaa sek\u00e4 antaa ohjeet saavutettavuuspalautteen antamiseen. Saavutettavuuden tila Palvelujen saavutettavuuden nykytila: [&hellip;]<\/p>\n","protected":false},"author":27,"featured_media":0,"parent":0,"menu_order":0,"comment_status":"closed","ping_status":"closed","template":"page-newtemplate.php","meta":{"_acf_changed":false,"footnotes":""},"class_list":["post-11765","page","type-page","status-publish","hentry"],"acf":[],"yoast_head":"<!-- This site is optimized with the Yoast SEO plugin v27.3 - https:\/\/yoast.com\/product\/yoast-seo-wordpress\/ -->\n<title>Saavuttettavuusseloste &#8212; M Room<\/title>\n<meta name=\"robots\" content=\"index, follow, max-snippet:-1, max-image-preview:large, max-video-preview:-1\" \/>\n<link rel=\"canonical\" href=\"https:\/\/mroom.com\/fi\/saavuttettavuus\/\" \/>\n<meta property=\"og:locale\" content=\"fi_FI\" \/>\n<meta property=\"og:type\" content=\"article\" \/>\n<meta property=\"og:title\" content=\"Saavuttettavuusseloste &#8212; M Room\" \/>\n<meta property=\"og:description\" content=\"Tunnistetiedot M Room Oy pyrkii takaamaan, ett\u00e4 sen digitaaliset palvelut ovat saavutettavia EU:n saavutettavuusdirektiivin ja lain digitaalisten palvelujen tarjoamisesta (306\/2019) mukaisesti. T\u00e4m\u00e4 saavutettavuusseloste koskee seuraavia M Room -palveluja: mroom.com \u2013 verkkosivusto my.mroom.com \u2013 asiointipalvelu Seloste kattaa molemmat yll\u00e4 mainitut palvelut ja kuvaa niiden saavutettavuuden tilaa sek\u00e4 antaa ohjeet saavutettavuuspalautteen antamiseen. Saavutettavuuden tila Palvelujen saavutettavuuden nykytila: [&hellip;]\" \/>\n<meta property=\"og:url\" content=\"https:\/\/mroom.com\/fi\/saavuttettavuus\/\" \/>\n<meta property=\"og:site_name\" content=\"M Room\" \/>\n<meta property=\"article:publisher\" content=\"https:\/\/www.facebook.com\/MRoomBarbershop\/?fref=ts\" \/>\n<meta property=\"article:modified_time\" content=\"2025-04-17T12:04:56+00:00\" \/>\n<meta name=\"twitter:card\" content=\"summary_large_image\" \/>\n<meta name=\"twitter:label1\" content=\"Est. reading time\" \/>\n\t<meta name=\"twitter:data1\" content=\"2 minuuttia\" \/>\n<script type=\"application\/ld+json\" class=\"yoast-schema-graph\">{\"@context\":\"https:\\\/\\\/schema.org\",\"@graph\":[{\"@type\":\"WebPage\",\"@id\":\"https:\\\/\\\/mroom.com\\\/fi\\\/saavuttettavuus\\\/\",\"url\":\"https:\\\/\\\/mroom.com\\\/fi\\\/saavuttettavuus\\\/\",\"name\":\"Saavuttettavuusseloste &#8212; M Room\",\"isPartOf\":{\"@id\":\"https:\\\/\\\/mroom.com\\\/fi\\\/#website\"},\"datePublished\":\"2025-04-17T11:03:53+00:00\",\"dateModified\":\"2025-04-17T12:04:56+00:00\",\"breadcrumb\":{\"@id\":\"https:\\\/\\\/mroom.com\\\/fi\\\/saavuttettavuus\\\/#breadcrumb\"},\"inLanguage\":\"fi\",\"potentialAction\":[{\"@type\":\"ReadAction\",\"target\":[\"https:\\\/\\\/mroom.com\\\/fi\\\/saavuttettavuus\\\/\"]}]},{\"@type\":\"BreadcrumbList\",\"@id\":\"https:\\\/\\\/mroom.com\\\/fi\\\/saavuttettavuus\\\/#breadcrumb\",\"itemListElement\":[{\"@type\":\"ListItem\",\"position\":1,\"name\":\"Home\",\"item\":\"https:\\\/\\\/mroom.com\\\/fi\\\/\"},{\"@type\":\"ListItem\",\"position\":2,\"name\":\"Saavuttettavuusseloste\"}]},{\"@type\":\"WebSite\",\"@id\":\"https:\\\/\\\/mroom.com\\\/fi\\\/#website\",\"url\":\"https:\\\/\\\/mroom.com\\\/fi\\\/\",\"name\":\"M Room\",\"description\":\"Ihan uusi WordPress-sivusto\",\"publisher\":{\"@id\":\"https:\\\/\\\/mroom.com\\\/fi\\\/#organization\"},\"potentialAction\":[{\"@type\":\"SearchAction\",\"target\":{\"@type\":\"EntryPoint\",\"urlTemplate\":\"https:\\\/\\\/mroom.com\\\/fi\\\/?s={search_term_string}\"},\"query-input\":{\"@type\":\"PropertyValueSpecification\",\"valueRequired\":true,\"valueName\":\"search_term_string\"}}],\"inLanguage\":\"fi\"},{\"@type\":\"Organization\",\"@id\":\"https:\\\/\\\/mroom.com\\\/fi\\\/#organization\",\"name\":\"M Room\",\"url\":\"https:\\\/\\\/mroom.com\\\/fi\\\/\",\"logo\":{\"@type\":\"ImageObject\",\"inLanguage\":\"fi\",\"@id\":\"https:\\\/\\\/mroom.com\\\/fi\\\/#\\\/schema\\\/logo\\\/image\\\/\",\"url\":\"https:\\\/\\\/mroom.com\\\/wp-content\\\/uploads\\\/2022\\\/08\\\/MRoom_logo_slogan.jpg\",\"contentUrl\":\"https:\\\/\\\/mroom.com\\\/wp-content\\\/uploads\\\/2022\\\/08\\\/MRoom_logo_slogan.jpg\",\"width\":300,\"height\":300,\"caption\":\"M Room\"},\"image\":{\"@id\":\"https:\\\/\\\/mroom.com\\\/fi\\\/#\\\/schema\\\/logo\\\/image\\\/\"},\"sameAs\":[\"https:\\\/\\\/www.facebook.com\\\/MRoomBarbershop\\\/?fref=ts\",\"https:\\\/\\\/www.instagram.com\\\/mroom_official\\\/?hl=en\",\"https:\\\/\\\/www.youtube.com\\\/c\\\/MRoomOfficial\"]}]}<\/script>\n<!-- \/ Yoast SEO plugin. -->","yoast_head_json":{"title":"Saavuttettavuusseloste &#8212; M Room","robots":{"index":"index","follow":"follow","max-snippet":"max-snippet:-1","max-image-preview":"max-image-preview:large","max-video-preview":"max-video-preview:-1"},"canonical":"https:\/\/mroom.com\/fi\/saavuttettavuus\/","og_locale":"fi_FI","og_type":"article","og_title":"Saavuttettavuusseloste &#8212; M Room","og_description":"Tunnistetiedot M Room Oy pyrkii takaamaan, ett\u00e4 sen digitaaliset palvelut ovat saavutettavia EU:n saavutettavuusdirektiivin ja lain digitaalisten palvelujen tarjoamisesta (306\/2019) mukaisesti. T\u00e4m\u00e4 saavutettavuusseloste koskee seuraavia M Room -palveluja: mroom.com \u2013 verkkosivusto my.mroom.com \u2013 asiointipalvelu Seloste kattaa molemmat yll\u00e4 mainitut palvelut ja kuvaa niiden saavutettavuuden tilaa sek\u00e4 antaa ohjeet saavutettavuuspalautteen antamiseen. Saavutettavuuden tila Palvelujen saavutettavuuden nykytila: [&hellip;]","og_url":"https:\/\/mroom.com\/fi\/saavuttettavuus\/","og_site_name":"M Room","article_publisher":"https:\/\/www.facebook.com\/MRoomBarbershop\/?fref=ts","article_modified_time":"2025-04-17T12:04:56+00:00","twitter_card":"summary_large_image","twitter_misc":{"Est. reading time":"2 minuuttia"},"schema":{"@context":"https:\/\/schema.org","@graph":[{"@type":"WebPage","@id":"https:\/\/mroom.com\/fi\/saavuttettavuus\/","url":"https:\/\/mroom.com\/fi\/saavuttettavuus\/","name":"Saavuttettavuusseloste &#8212; M Room","isPartOf":{"@id":"https:\/\/mroom.com\/fi\/#website"},"datePublished":"2025-04-17T11:03:53+00:00","dateModified":"2025-04-17T12:04:56+00:00","breadcrumb":{"@id":"https:\/\/mroom.com\/fi\/saavuttettavuus\/#breadcrumb"},"inLanguage":"fi","potentialAction":[{"@type":"ReadAction","target":["https:\/\/mroom.com\/fi\/saavuttettavuus\/"]}]},{"@type":"BreadcrumbList","@id":"https:\/\/mroom.com\/fi\/saavuttettavuus\/#breadcrumb","itemListElement":[{"@type":"ListItem","position":1,"name":"Home","item":"https:\/\/mroom.com\/fi\/"},{"@type":"ListItem","position":2,"name":"Saavuttettavuusseloste"}]},{"@type":"WebSite","@id":"https:\/\/mroom.com\/fi\/#website","url":"https:\/\/mroom.com\/fi\/","name":"M Room","description":"Ihan uusi WordPress-sivusto","publisher":{"@id":"https:\/\/mroom.com\/fi\/#organization"},"potentialAction":[{"@type":"SearchAction","target":{"@type":"EntryPoint","urlTemplate":"https:\/\/mroom.com\/fi\/?s={search_term_string}"},"query-input":{"@type":"PropertyValueSpecification","valueRequired":true,"valueName":"search_term_string"}}],"inLanguage":"fi"},{"@type":"Organization","@id":"https:\/\/mroom.com\/fi\/#organization","name":"M Room","url":"https:\/\/mroom.com\/fi\/","logo":{"@type":"ImageObject","inLanguage":"fi","@id":"https:\/\/mroom.com\/fi\/#\/schema\/logo\/image\/","url":"https:\/\/mroom.com\/wp-content\/uploads\/2022\/08\/MRoom_logo_slogan.jpg","contentUrl":"https:\/\/mroom.com\/wp-content\/uploads\/2022\/08\/MRoom_logo_slogan.jpg","width":300,"height":300,"caption":"M Room"},"image":{"@id":"https:\/\/mroom.com\/fi\/#\/schema\/logo\/image\/"},"sameAs":["https:\/\/www.facebook.com\/MRoomBarbershop\/?fref=ts","https:\/\/www.instagram.com\/mroom_official\/?hl=en","https:\/\/www.youtube.com\/c\/MRoomOfficial"]}]}},"_links":{"self":[{"href":"https:\/\/mroom.com\/fi\/wp-json\/wp\/v2\/pages\/11765","targetHints":{"allow":["GET"]}}],"collection":[{"href":"https:\/\/mroom.com\/fi\/wp-json\/wp\/v2\/pages"}],"about":[{"href":"https:\/\/mroom.com\/fi\/wp-json\/wp\/v2\/types\/page"}],"author":[{"embeddable":true,"href":"https:\/\/mroom.com\/fi\/wp-json\/wp\/v2\/users\/27"}],"replies":[{"embeddable":true,"href":"https:\/\/mroom.com\/fi\/wp-json\/wp\/v2\/comments?post=11765"}],"version-history":[{"count":11,"href":"https:\/\/mroom.com\/fi\/wp-json\/wp\/v2\/pages\/11765\/revisions"}],"predecessor-version":[{"id":11786,"href":"https:\/\/mroom.com\/fi\/wp-json\/wp\/v2\/pages\/11765\/revisions\/11786"}],"wp:attachment":[{"href":"https:\/\/mroom.com\/fi\/wp-json\/wp\/v2\/media?parent=11765"}],"curies":[{"name":"wp","href":"https:\/\/api.w.org\/{rel}","templated":true}]}}