{"id":11205,"date":"2024-07-17T17:50:13","date_gmt":"2024-07-17T14:50:13","guid":{"rendered":"https:\/\/mroom.com\/?page_id=11205"},"modified":"2024-07-18T12:07:27","modified_gmt":"2024-07-18T09:07:27","slug":"mroom-parturit-vantaalla","status":"publish","type":"page","link":"https:\/\/mroom.com\/fi\/mroom-parturit-vantaalla\/","title":{"rendered":"M Room -parturit Vantaalla"},"content":{"rendered":"","protected":false},"excerpt":{"rendered":"","protected":false},"author":23,"featured_media":11243,"parent":0,"menu_order":0,"comment_status":"closed","ping_status":"closed","template":"page-newtemplate.php","meta":{"_acf_changed":false,"footnotes":""},"class_list":["post-11205","page","type-page","status-publish","has-post-thumbnail","hentry"],"acf":[],"yoast_head":"<!-- This site is optimized with the Yoast SEO plugin v27.3 - https:\/\/yoast.com\/product\/yoast-seo-wordpress\/ -->\n<title>M Room parturit Vantaalla<\/title>\n<meta name=\"description\" content=\"Haetko parturia Vantaalla? L\u00f6yd\u00e4 ammattitaitoiset hiustenleikkaus- ja parranmuotoilupalvelut ilman ajanvarausta Kivist\u00f6ss\u00e4, Flamingossa, Tikkurilassa ja Myyrmannissa. Vieraile l\u00e4himm\u00e4ss\u00e4 M Room-parturissa jo t\u00e4n\u00e4\u00e4n!\" \/>\n<meta name=\"robots\" content=\"index, follow, max-snippet:-1, max-image-preview:large, max-video-preview:-1\" \/>\n<link rel=\"canonical\" href=\"https:\/\/mroom.com\/fi\/mroom-parturit-vantaalla\/\" \/>\n<meta property=\"og:locale\" content=\"fi_FI\" \/>\n<meta property=\"og:type\" content=\"article\" \/>\n<meta property=\"og:title\" content=\"M Room parturit Vantaalla\" \/>\n<meta property=\"og:description\" content=\"Haetko parturia Vantaalla? L\u00f6yd\u00e4 ammattitaitoiset hiustenleikkaus- ja parranmuotoilupalvelut ilman ajanvarausta Kivist\u00f6ss\u00e4, Flamingossa, Tikkurilassa ja Myyrmannissa. Vieraile l\u00e4himm\u00e4ss\u00e4 M Room-parturissa jo t\u00e4n\u00e4\u00e4n!\" \/>\n<meta property=\"og:url\" content=\"https:\/\/mroom.com\/fi\/mroom-parturit-vantaalla\/\" \/>\n<meta property=\"og:site_name\" content=\"M Room\" \/>\n<meta property=\"article:publisher\" content=\"https:\/\/www.facebook.com\/MRoomBarbershop\/?fref=ts\" \/>\n<meta property=\"article:modified_time\" content=\"2024-07-18T09:07:27+00:00\" \/>\n<meta property=\"og:image\" content=\"https:\/\/mroom.com\/wp-content\/uploads\/2024\/07\/vantaa_mroom-1.jpg\" \/>\n\t<meta property=\"og:image:width\" content=\"2406\" \/>\n\t<meta property=\"og:image:height\" content=\"875\" \/>\n\t<meta property=\"og:image:type\" content=\"image\/jpeg\" \/>\n<meta name=\"twitter:card\" content=\"summary_large_image\" \/>\n<meta name=\"twitter:label1\" content=\"Est. reading time\" \/>\n\t<meta name=\"twitter:data1\" content=\"1 minuutti\" \/>\n<script type=\"application\/ld+json\" class=\"yoast-schema-graph\">{\"@context\":\"https:\\\/\\\/schema.org\",\"@graph\":[{\"@type\":\"WebPage\",\"@id\":\"https:\\\/\\\/mroom.com\\\/fi\\\/mroom-parturit-vantaalla\\\/\",\"url\":\"https:\\\/\\\/mroom.com\\\/fi\\\/mroom-parturit-vantaalla\\\/\",\"name\":\"M Room parturit Vantaalla\",\"isPartOf\":{\"@id\":\"https:\\\/\\\/mroom.com\\\/fi\\\/#website\"},\"primaryImageOfPage\":{\"@id\":\"https:\\\/\\\/mroom.com\\\/fi\\\/mroom-parturit-vantaalla\\\/#primaryimage\"},\"image\":{\"@id\":\"https:\\\/\\\/mroom.com\\\/fi\\\/mroom-parturit-vantaalla\\\/#primaryimage\"},\"thumbnailUrl\":\"https:\\\/\\\/mroom.com\\\/wp-content\\\/uploads\\\/2024\\\/07\\\/vantaa_mroom-1.jpg\",\"datePublished\":\"2024-07-17T14:50:13+00:00\",\"dateModified\":\"2024-07-18T09:07:27+00:00\",\"description\":\"Haetko parturia Vantaalla? L\u00f6yd\u00e4 ammattitaitoiset hiustenleikkaus- ja parranmuotoilupalvelut ilman ajanvarausta Kivist\u00f6ss\u00e4, Flamingossa, Tikkurilassa ja Myyrmannissa. Vieraile l\u00e4himm\u00e4ss\u00e4 M Room-parturissa jo t\u00e4n\u00e4\u00e4n!\",\"breadcrumb\":{\"@id\":\"https:\\\/\\\/mroom.com\\\/fi\\\/mroom-parturit-vantaalla\\\/#breadcrumb\"},\"inLanguage\":\"fi\",\"potentialAction\":[{\"@type\":\"ReadAction\",\"target\":[\"https:\\\/\\\/mroom.com\\\/fi\\\/mroom-parturit-vantaalla\\\/\"]}]},{\"@type\":\"ImageObject\",\"inLanguage\":\"fi\",\"@id\":\"https:\\\/\\\/mroom.com\\\/fi\\\/mroom-parturit-vantaalla\\\/#primaryimage\",\"url\":\"https:\\\/\\\/mroom.com\\\/wp-content\\\/uploads\\\/2024\\\/07\\\/vantaa_mroom-1.jpg\",\"contentUrl\":\"https:\\\/\\\/mroom.com\\\/wp-content\\\/uploads\\\/2024\\\/07\\\/vantaa_mroom-1.jpg\",\"width\":2406,\"height\":875},{\"@type\":\"BreadcrumbList\",\"@id\":\"https:\\\/\\\/mroom.com\\\/fi\\\/mroom-parturit-vantaalla\\\/#breadcrumb\",\"itemListElement\":[{\"@type\":\"ListItem\",\"position\":1,\"name\":\"Home\",\"item\":\"https:\\\/\\\/mroom.com\\\/fi\\\/\"},{\"@type\":\"ListItem\",\"position\":2,\"name\":\"M Room -parturit Vantaalla\"}]},{\"@type\":\"WebSite\",\"@id\":\"https:\\\/\\\/mroom.com\\\/fi\\\/#website\",\"url\":\"https:\\\/\\\/mroom.com\\\/fi\\\/\",\"name\":\"M Room\",\"description\":\"Ihan uusi WordPress-sivusto\",\"publisher\":{\"@id\":\"https:\\\/\\\/mroom.com\\\/fi\\\/#organization\"},\"potentialAction\":[{\"@type\":\"SearchAction\",\"target\":{\"@type\":\"EntryPoint\",\"urlTemplate\":\"https:\\\/\\\/mroom.com\\\/fi\\\/?s={search_term_string}\"},\"query-input\":{\"@type\":\"PropertyValueSpecification\",\"valueRequired\":true,\"valueName\":\"search_term_string\"}}],\"inLanguage\":\"fi\"},{\"@type\":\"Organization\",\"@id\":\"https:\\\/\\\/mroom.com\\\/fi\\\/#organization\",\"name\":\"M Room\",\"url\":\"https:\\\/\\\/mroom.com\\\/fi\\\/\",\"logo\":{\"@type\":\"ImageObject\",\"inLanguage\":\"fi\",\"@id\":\"https:\\\/\\\/mroom.com\\\/fi\\\/#\\\/schema\\\/logo\\\/image\\\/\",\"url\":\"https:\\\/\\\/mroom.com\\\/wp-content\\\/uploads\\\/2022\\\/08\\\/MRoom_logo_slogan.jpg\",\"contentUrl\":\"https:\\\/\\\/mroom.com\\\/wp-content\\\/uploads\\\/2022\\\/08\\\/MRoom_logo_slogan.jpg\",\"width\":300,\"height\":300,\"caption\":\"M Room\"},\"image\":{\"@id\":\"https:\\\/\\\/mroom.com\\\/fi\\\/#\\\/schema\\\/logo\\\/image\\\/\"},\"sameAs\":[\"https:\\\/\\\/www.facebook.com\\\/MRoomBarbershop\\\/?fref=ts\",\"https:\\\/\\\/www.instagram.com\\\/mroom_official\\\/?hl=en\",\"https:\\\/\\\/www.youtube.com\\\/c\\\/MRoomOfficial\"]}]}<\/script>\n<!-- \/ Yoast SEO plugin. -->","yoast_head_json":{"title":"M Room parturit Vantaalla","description":"Haetko parturia Vantaalla? L\u00f6yd\u00e4 ammattitaitoiset hiustenleikkaus- ja parranmuotoilupalvelut ilman ajanvarausta Kivist\u00f6ss\u00e4, Flamingossa, Tikkurilassa ja Myyrmannissa. Vieraile l\u00e4himm\u00e4ss\u00e4 M Room-parturissa jo t\u00e4n\u00e4\u00e4n!","robots":{"index":"index","follow":"follow","max-snippet":"max-snippet:-1","max-image-preview":"max-image-preview:large","max-video-preview":"max-video-preview:-1"},"canonical":"https:\/\/mroom.com\/fi\/mroom-parturit-vantaalla\/","og_locale":"fi_FI","og_type":"article","og_title":"M Room parturit Vantaalla","og_description":"Haetko parturia Vantaalla? L\u00f6yd\u00e4 ammattitaitoiset hiustenleikkaus- ja parranmuotoilupalvelut ilman ajanvarausta Kivist\u00f6ss\u00e4, Flamingossa, Tikkurilassa ja Myyrmannissa. Vieraile l\u00e4himm\u00e4ss\u00e4 M Room-parturissa jo t\u00e4n\u00e4\u00e4n!","og_url":"https:\/\/mroom.com\/fi\/mroom-parturit-vantaalla\/","og_site_name":"M Room","article_publisher":"https:\/\/www.facebook.com\/MRoomBarbershop\/?fref=ts","article_modified_time":"2024-07-18T09:07:27+00:00","og_image":[{"width":2406,"height":875,"url":"https:\/\/mroom.com\/wp-content\/uploads\/2024\/07\/vantaa_mroom-1.jpg","type":"image\/jpeg"}],"twitter_card":"summary_large_image","twitter_misc":{"Est. reading time":"1 minuutti"},"schema":{"@context":"https:\/\/schema.org","@graph":[{"@type":"WebPage","@id":"https:\/\/mroom.com\/fi\/mroom-parturit-vantaalla\/","url":"https:\/\/mroom.com\/fi\/mroom-parturit-vantaalla\/","name":"M Room parturit Vantaalla","isPartOf":{"@id":"https:\/\/mroom.com\/fi\/#website"},"primaryImageOfPage":{"@id":"https:\/\/mroom.com\/fi\/mroom-parturit-vantaalla\/#primaryimage"},"image":{"@id":"https:\/\/mroom.com\/fi\/mroom-parturit-vantaalla\/#primaryimage"},"thumbnailUrl":"https:\/\/mroom.com\/wp-content\/uploads\/2024\/07\/vantaa_mroom-1.jpg","datePublished":"2024-07-17T14:50:13+00:00","dateModified":"2024-07-18T09:07:27+00:00","description":"Haetko parturia Vantaalla? L\u00f6yd\u00e4 ammattitaitoiset hiustenleikkaus- ja parranmuotoilupalvelut ilman ajanvarausta Kivist\u00f6ss\u00e4, Flamingossa, Tikkurilassa ja Myyrmannissa. Vieraile l\u00e4himm\u00e4ss\u00e4 M Room-parturissa jo t\u00e4n\u00e4\u00e4n!","breadcrumb":{"@id":"https:\/\/mroom.com\/fi\/mroom-parturit-vantaalla\/#breadcrumb"},"inLanguage":"fi","potentialAction":[{"@type":"ReadAction","target":["https:\/\/mroom.com\/fi\/mroom-parturit-vantaalla\/"]}]},{"@type":"ImageObject","inLanguage":"fi","@id":"https:\/\/mroom.com\/fi\/mroom-parturit-vantaalla\/#primaryimage","url":"https:\/\/mroom.com\/wp-content\/uploads\/2024\/07\/vantaa_mroom-1.jpg","contentUrl":"https:\/\/mroom.com\/wp-content\/uploads\/2024\/07\/vantaa_mroom-1.jpg","width":2406,"height":875},{"@type":"BreadcrumbList","@id":"https:\/\/mroom.com\/fi\/mroom-parturit-vantaalla\/#breadcrumb","itemListElement":[{"@type":"ListItem","position":1,"name":"Home","item":"https:\/\/mroom.com\/fi\/"},{"@type":"ListItem","position":2,"name":"M Room -parturit Vantaalla"}]},{"@type":"WebSite","@id":"https:\/\/mroom.com\/fi\/#website","url":"https:\/\/mroom.com\/fi\/","name":"M Room","description":"Ihan uusi WordPress-sivusto","publisher":{"@id":"https:\/\/mroom.com\/fi\/#organization"},"potentialAction":[{"@type":"SearchAction","target":{"@type":"EntryPoint","urlTemplate":"https:\/\/mroom.com\/fi\/?s={search_term_string}"},"query-input":{"@type":"PropertyValueSpecification","valueRequired":true,"valueName":"search_term_string"}}],"inLanguage":"fi"},{"@type":"Organization","@id":"https:\/\/mroom.com\/fi\/#organization","name":"M Room","url":"https:\/\/mroom.com\/fi\/","logo":{"@type":"ImageObject","inLanguage":"fi","@id":"https:\/\/mroom.com\/fi\/#\/schema\/logo\/image\/","url":"https:\/\/mroom.com\/wp-content\/uploads\/2022\/08\/MRoom_logo_slogan.jpg","contentUrl":"https:\/\/mroom.com\/wp-content\/uploads\/2022\/08\/MRoom_logo_slogan.jpg","width":300,"height":300,"caption":"M Room"},"image":{"@id":"https:\/\/mroom.com\/fi\/#\/schema\/logo\/image\/"},"sameAs":["https:\/\/www.facebook.com\/MRoomBarbershop\/?fref=ts","https:\/\/www.instagram.com\/mroom_official\/?hl=en","https:\/\/www.youtube.com\/c\/MRoomOfficial"]}]}},"_links":{"self":[{"href":"https:\/\/mroom.com\/fi\/wp-json\/wp\/v2\/pages\/11205","targetHints":{"allow":["GET"]}}],"collection":[{"href":"https:\/\/mroom.com\/fi\/wp-json\/wp\/v2\/pages"}],"about":[{"href":"https:\/\/mroom.com\/fi\/wp-json\/wp\/v2\/types\/page"}],"author":[{"embeddable":true,"href":"https:\/\/mroom.com\/fi\/wp-json\/wp\/v2\/users\/23"}],"replies":[{"embeddable":true,"href":"https:\/\/mroom.com\/fi\/wp-json\/wp\/v2\/comments?post=11205"}],"version-history":[{"count":6,"href":"https:\/\/mroom.com\/fi\/wp-json\/wp\/v2\/pages\/11205\/revisions"}],"predecessor-version":[{"id":11250,"href":"https:\/\/mroom.com\/fi\/wp-json\/wp\/v2\/pages\/11205\/revisions\/11250"}],"wp:featuredmedia":[{"embeddable":true,"href":"https:\/\/mroom.com\/fi\/wp-json\/wp\/v2\/media\/11243"}],"wp:attachment":[{"href":"https:\/\/mroom.com\/fi\/wp-json\/wp\/v2\/media?parent=11205"}],"curies":[{"name":"wp","href":"https:\/\/api.w.org\/{rel}","templated":true}]}}