{"id":566,"date":"2017-05-24T07:15:54","date_gmt":"2017-05-24T07:15:54","guid":{"rendered":"https:\/\/mroom.com\/estonia\/?page_id=566\/"},"modified":"2025-09-11T07:35:18","modified_gmt":"2025-09-11T07:35:18","slug":"karjaarivoimalused-m-roomis","status":"publish","type":"page","link":"https:\/\/mroom.com\/estonia\/et\/karjaarivoimalused-m-roomis\/","title":{"rendered":"Karj\u00e4\u00e4riv\u00f5imalused M Roomis"},"content":{"rendered":"","protected":false},"excerpt":{"rendered":"","protected":false},"author":25,"featured_media":0,"parent":0,"menu_order":0,"comment_status":"closed","ping_status":"closed","template":"","meta":{"_acf_changed":false,"footnotes":""},"class_list":["post-566","page","type-page","status-publish","hentry"],"acf":[],"yoast_head":"<!-- This site is optimized with the Yoast SEO plugin v27.3 - https:\/\/yoast.com\/product\/yoast-seo-wordpress\/ -->\n<title>Karj\u00e4\u00e4riv\u00f5imalused M Roomis - M Room Estonia<\/title>\n<meta name=\"robots\" content=\"index, follow, max-snippet:-1, max-image-preview:large, max-video-preview:-1\" \/>\n<link rel=\"canonical\" href=\"https:\/\/mroom.com\/estonia\/et\/karjaarivoimalused-m-roomis\/\" \/>\n<meta property=\"og:locale\" content=\"et_EE\" \/>\n<meta property=\"og:type\" content=\"article\" \/>\n<meta property=\"og:title\" content=\"Karj\u00e4\u00e4riv\u00f5imalused M Roomis - M Room Estonia\" \/>\n<meta property=\"og:url\" content=\"https:\/\/mroom.com\/estonia\/et\/karjaarivoimalused-m-roomis\/\" \/>\n<meta property=\"og:site_name\" content=\"M Room Estonia\" \/>\n<meta property=\"article:modified_time\" content=\"2025-09-11T07:35:18+00:00\" \/>\n<meta name=\"twitter:card\" content=\"summary_large_image\" \/>\n<script type=\"application\/ld+json\" class=\"yoast-schema-graph\">{\"@context\":\"https:\\\/\\\/schema.org\",\"@graph\":[{\"@type\":\"WebPage\",\"@id\":\"https:\\\/\\\/mroom.com\\\/estonia\\\/et\\\/karjaarivoimalused-m-roomis\\\/\",\"url\":\"https:\\\/\\\/mroom.com\\\/estonia\\\/et\\\/karjaarivoimalused-m-roomis\\\/\",\"name\":\"Karj\u00e4\u00e4riv\u00f5imalused M Roomis - M Room Estonia\",\"isPartOf\":{\"@id\":\"https:\\\/\\\/mroom.com\\\/estonia\\\/et\\\/#website\"},\"datePublished\":\"2017-05-24T07:15:54+00:00\",\"dateModified\":\"2025-09-11T07:35:18+00:00\",\"breadcrumb\":{\"@id\":\"https:\\\/\\\/mroom.com\\\/estonia\\\/et\\\/karjaarivoimalused-m-roomis\\\/#breadcrumb\"},\"inLanguage\":\"et\",\"potentialAction\":[{\"@type\":\"ReadAction\",\"target\":[\"https:\\\/\\\/mroom.com\\\/estonia\\\/et\\\/karjaarivoimalused-m-roomis\\\/\"]}]},{\"@type\":\"BreadcrumbList\",\"@id\":\"https:\\\/\\\/mroom.com\\\/estonia\\\/et\\\/karjaarivoimalused-m-roomis\\\/#breadcrumb\",\"itemListElement\":[{\"@type\":\"ListItem\",\"position\":1,\"name\":\"Home\",\"item\":\"https:\\\/\\\/mroom.com\\\/estonia\\\/et\\\/\"},{\"@type\":\"ListItem\",\"position\":2,\"name\":\"Karj\u00e4\u00e4riv\u00f5imalused M Roomis\"}]},{\"@type\":\"WebSite\",\"@id\":\"https:\\\/\\\/mroom.com\\\/estonia\\\/et\\\/#website\",\"url\":\"https:\\\/\\\/mroom.com\\\/estonia\\\/et\\\/\",\"name\":\"M Room Estonia\",\"description\":\"Just another M Room Sites site\",\"potentialAction\":[{\"@type\":\"SearchAction\",\"target\":{\"@type\":\"EntryPoint\",\"urlTemplate\":\"https:\\\/\\\/mroom.com\\\/estonia\\\/et\\\/?s={search_term_string}\"},\"query-input\":{\"@type\":\"PropertyValueSpecification\",\"valueRequired\":true,\"valueName\":\"search_term_string\"}}],\"inLanguage\":\"et\"}]}<\/script>\n<!-- \/ Yoast SEO plugin. -->","yoast_head_json":{"title":"Karj\u00e4\u00e4riv\u00f5imalused M Roomis - M Room Estonia","robots":{"index":"index","follow":"follow","max-snippet":"max-snippet:-1","max-image-preview":"max-image-preview:large","max-video-preview":"max-video-preview:-1"},"canonical":"https:\/\/mroom.com\/estonia\/et\/karjaarivoimalused-m-roomis\/","og_locale":"et_EE","og_type":"article","og_title":"Karj\u00e4\u00e4riv\u00f5imalused M Roomis - M Room Estonia","og_url":"https:\/\/mroom.com\/estonia\/et\/karjaarivoimalused-m-roomis\/","og_site_name":"M Room Estonia","article_modified_time":"2025-09-11T07:35:18+00:00","twitter_card":"summary_large_image","schema":{"@context":"https:\/\/schema.org","@graph":[{"@type":"WebPage","@id":"https:\/\/mroom.com\/estonia\/et\/karjaarivoimalused-m-roomis\/","url":"https:\/\/mroom.com\/estonia\/et\/karjaarivoimalused-m-roomis\/","name":"Karj\u00e4\u00e4riv\u00f5imalused M Roomis - M Room Estonia","isPartOf":{"@id":"https:\/\/mroom.com\/estonia\/et\/#website"},"datePublished":"2017-05-24T07:15:54+00:00","dateModified":"2025-09-11T07:35:18+00:00","breadcrumb":{"@id":"https:\/\/mroom.com\/estonia\/et\/karjaarivoimalused-m-roomis\/#breadcrumb"},"inLanguage":"et","potentialAction":[{"@type":"ReadAction","target":["https:\/\/mroom.com\/estonia\/et\/karjaarivoimalused-m-roomis\/"]}]},{"@type":"BreadcrumbList","@id":"https:\/\/mroom.com\/estonia\/et\/karjaarivoimalused-m-roomis\/#breadcrumb","itemListElement":[{"@type":"ListItem","position":1,"name":"Home","item":"https:\/\/mroom.com\/estonia\/et\/"},{"@type":"ListItem","position":2,"name":"Karj\u00e4\u00e4riv\u00f5imalused M Roomis"}]},{"@type":"WebSite","@id":"https:\/\/mroom.com\/estonia\/et\/#website","url":"https:\/\/mroom.com\/estonia\/et\/","name":"M Room Estonia","description":"Just another M Room Sites site","potentialAction":[{"@type":"SearchAction","target":{"@type":"EntryPoint","urlTemplate":"https:\/\/mroom.com\/estonia\/et\/?s={search_term_string}"},"query-input":{"@type":"PropertyValueSpecification","valueRequired":true,"valueName":"search_term_string"}}],"inLanguage":"et"}]}},"_links":{"self":[{"href":"https:\/\/mroom.com\/estonia\/et\/wp-json\/wp\/v2\/pages\/566","targetHints":{"allow":["GET"]}}],"collection":[{"href":"https:\/\/mroom.com\/estonia\/et\/wp-json\/wp\/v2\/pages"}],"about":[{"href":"https:\/\/mroom.com\/estonia\/et\/wp-json\/wp\/v2\/types\/page"}],"author":[{"embeddable":true,"href":"https:\/\/mroom.com\/estonia\/et\/wp-json\/wp\/v2\/users\/25"}],"replies":[{"embeddable":true,"href":"https:\/\/mroom.com\/estonia\/et\/wp-json\/wp\/v2\/comments?post=566"}],"version-history":[{"count":16,"href":"https:\/\/mroom.com\/estonia\/et\/wp-json\/wp\/v2\/pages\/566\/revisions"}],"predecessor-version":[{"id":2407,"href":"https:\/\/mroom.com\/estonia\/et\/wp-json\/wp\/v2\/pages\/566\/revisions\/2407"}],"wp:attachment":[{"href":"https:\/\/mroom.com\/estonia\/et\/wp-json\/wp\/v2\/media?parent=566"}],"curies":[{"name":"wp","href":"https:\/\/api.w.org\/{rel}","templated":true}]}}