{"id":120,"date":"2017-05-10T11:26:55","date_gmt":"2017-05-10T11:26:55","guid":{"rendered":"https:\/\/mroom.com\/estonia\/?page_id=120\/"},"modified":"2021-10-05T09:08:07","modified_gmt":"2021-10-05T09:08:07","slug":"m-room-eesti","status":"publish","type":"page","link":"https:\/\/mroom.com\/estonia\/et\/","title":{"rendered":"M Room Eesti"},"content":{"rendered":"","protected":false},"excerpt":{"rendered":"","protected":false},"author":13,"featured_media":0,"parent":0,"menu_order":0,"comment_status":"closed","ping_status":"closed","template":"","meta":{"_acf_changed":false,"footnotes":""},"class_list":["post-120","page","type-page","status-publish","hentry"],"acf":[],"yoast_head":"<!-- This site is optimized with the Yoast SEO plugin v27.3 - https:\/\/yoast.com\/product\/yoast-seo-wordpress\/ -->\n<title>Meeste Juuksur - Barbershop M Room<\/title>\n<meta name=\"description\" content=\"M Room on t\u00e4ielikult meestele m\u00f5eldud ja ilma reserveerimiseta teenindav juuksurimaailm. Meie ainulaadsete teenustekontseptsiooni kuuluvad k\u00f5ik meeste hoolitsusteenused alates juuksel\u00f5ikusest ning habemeajamisest ja l\u00f5petades l\u00f5\u00f5gastavate M Extra -hoolitsustega.\" \/>\n<meta name=\"robots\" content=\"index, follow, max-snippet:-1, max-image-preview:large, max-video-preview:-1\" \/>\n<link rel=\"canonical\" href=\"https:\/\/mroom.com\/estonia\/et\/\" \/>\n<meta property=\"og:locale\" content=\"et_EE\" \/>\n<meta property=\"og:type\" content=\"article\" \/>\n<meta property=\"og:title\" content=\"Meeste Juuksur - Barbershop M Room\" \/>\n<meta property=\"og:description\" content=\"M Room on t\u00e4ielikult meestele m\u00f5eldud ja ilma reserveerimiseta teenindav juuksurimaailm. Meie ainulaadsete teenustekontseptsiooni kuuluvad k\u00f5ik meeste hoolitsusteenused alates juuksel\u00f5ikusest ning habemeajamisest ja l\u00f5petades l\u00f5\u00f5gastavate M Extra -hoolitsustega.\" \/>\n<meta property=\"og:url\" content=\"https:\/\/mroom.com\/estonia\/et\/\" \/>\n<meta property=\"og:site_name\" content=\"M Room Estonia\" \/>\n<meta property=\"article:modified_time\" content=\"2021-10-05T09:08:07+00:00\" \/>\n<meta name=\"twitter:card\" content=\"summary_large_image\" \/>\n<script type=\"application\/ld+json\" class=\"yoast-schema-graph\">{\"@context\":\"https:\\\/\\\/schema.org\",\"@graph\":[{\"@type\":\"WebPage\",\"@id\":\"https:\\\/\\\/mroom.com\\\/estonia\\\/et\\\/\",\"url\":\"https:\\\/\\\/mroom.com\\\/estonia\\\/et\\\/\",\"name\":\"Meeste Juuksur - Barbershop M Room\",\"isPartOf\":{\"@id\":\"https:\\\/\\\/mroom.com\\\/estonia\\\/et\\\/#website\"},\"datePublished\":\"2017-05-10T11:26:55+00:00\",\"dateModified\":\"2021-10-05T09:08:07+00:00\",\"description\":\"M Room on t\u00e4ielikult meestele m\u00f5eldud ja ilma reserveerimiseta teenindav juuksurimaailm. Meie ainulaadsete teenustekontseptsiooni kuuluvad k\u00f5ik meeste hoolitsusteenused alates juuksel\u00f5ikusest ning habemeajamisest ja l\u00f5petades l\u00f5\u00f5gastavate M Extra -hoolitsustega.\",\"breadcrumb\":{\"@id\":\"https:\\\/\\\/mroom.com\\\/estonia\\\/et\\\/#breadcrumb\"},\"inLanguage\":\"et\",\"potentialAction\":[{\"@type\":\"ReadAction\",\"target\":[\"https:\\\/\\\/mroom.com\\\/estonia\\\/et\\\/\"]}]},{\"@type\":\"BreadcrumbList\",\"@id\":\"https:\\\/\\\/mroom.com\\\/estonia\\\/et\\\/#breadcrumb\",\"itemListElement\":[{\"@type\":\"ListItem\",\"position\":1,\"name\":\"Home\",\"item\":\"https:\\\/\\\/mroom.com\\\/estonia\\\/et\\\/\"},{\"@type\":\"ListItem\",\"position\":2,\"name\":\"M Room Eesti\"}]},{\"@type\":\"WebSite\",\"@id\":\"https:\\\/\\\/mroom.com\\\/estonia\\\/et\\\/#website\",\"url\":\"https:\\\/\\\/mroom.com\\\/estonia\\\/et\\\/\",\"name\":\"M Room Estonia\",\"description\":\"Just another M Room Sites site\",\"potentialAction\":[{\"@type\":\"SearchAction\",\"target\":{\"@type\":\"EntryPoint\",\"urlTemplate\":\"https:\\\/\\\/mroom.com\\\/estonia\\\/et\\\/?s={search_term_string}\"},\"query-input\":{\"@type\":\"PropertyValueSpecification\",\"valueRequired\":true,\"valueName\":\"search_term_string\"}}],\"inLanguage\":\"et\"}]}<\/script>\n<!-- \/ Yoast SEO plugin. -->","yoast_head_json":{"title":"Meeste Juuksur - Barbershop M Room","description":"M Room on t\u00e4ielikult meestele m\u00f5eldud ja ilma reserveerimiseta teenindav juuksurimaailm. Meie ainulaadsete teenustekontseptsiooni kuuluvad k\u00f5ik meeste hoolitsusteenused alates juuksel\u00f5ikusest ning habemeajamisest ja l\u00f5petades l\u00f5\u00f5gastavate M Extra -hoolitsustega.","robots":{"index":"index","follow":"follow","max-snippet":"max-snippet:-1","max-image-preview":"max-image-preview:large","max-video-preview":"max-video-preview:-1"},"canonical":"https:\/\/mroom.com\/estonia\/et\/","og_locale":"et_EE","og_type":"article","og_title":"Meeste Juuksur - Barbershop M Room","og_description":"M Room on t\u00e4ielikult meestele m\u00f5eldud ja ilma reserveerimiseta teenindav juuksurimaailm. Meie ainulaadsete teenustekontseptsiooni kuuluvad k\u00f5ik meeste hoolitsusteenused alates juuksel\u00f5ikusest ning habemeajamisest ja l\u00f5petades l\u00f5\u00f5gastavate M Extra -hoolitsustega.","og_url":"https:\/\/mroom.com\/estonia\/et\/","og_site_name":"M Room Estonia","article_modified_time":"2021-10-05T09:08:07+00:00","twitter_card":"summary_large_image","schema":{"@context":"https:\/\/schema.org","@graph":[{"@type":"WebPage","@id":"https:\/\/mroom.com\/estonia\/et\/","url":"https:\/\/mroom.com\/estonia\/et\/","name":"Meeste Juuksur - Barbershop M Room","isPartOf":{"@id":"https:\/\/mroom.com\/estonia\/et\/#website"},"datePublished":"2017-05-10T11:26:55+00:00","dateModified":"2021-10-05T09:08:07+00:00","description":"M Room on t\u00e4ielikult meestele m\u00f5eldud ja ilma reserveerimiseta teenindav juuksurimaailm. Meie ainulaadsete teenustekontseptsiooni kuuluvad k\u00f5ik meeste hoolitsusteenused alates juuksel\u00f5ikusest ning habemeajamisest ja l\u00f5petades l\u00f5\u00f5gastavate M Extra -hoolitsustega.","breadcrumb":{"@id":"https:\/\/mroom.com\/estonia\/et\/#breadcrumb"},"inLanguage":"et","potentialAction":[{"@type":"ReadAction","target":["https:\/\/mroom.com\/estonia\/et\/"]}]},{"@type":"BreadcrumbList","@id":"https:\/\/mroom.com\/estonia\/et\/#breadcrumb","itemListElement":[{"@type":"ListItem","position":1,"name":"Home","item":"https:\/\/mroom.com\/estonia\/et\/"},{"@type":"ListItem","position":2,"name":"M Room Eesti"}]},{"@type":"WebSite","@id":"https:\/\/mroom.com\/estonia\/et\/#website","url":"https:\/\/mroom.com\/estonia\/et\/","name":"M Room Estonia","description":"Just another M Room Sites site","potentialAction":[{"@type":"SearchAction","target":{"@type":"EntryPoint","urlTemplate":"https:\/\/mroom.com\/estonia\/et\/?s={search_term_string}"},"query-input":{"@type":"PropertyValueSpecification","valueRequired":true,"valueName":"search_term_string"}}],"inLanguage":"et"}]}},"_links":{"self":[{"href":"https:\/\/mroom.com\/estonia\/et\/wp-json\/wp\/v2\/pages\/120","targetHints":{"allow":["GET"]}}],"collection":[{"href":"https:\/\/mroom.com\/estonia\/et\/wp-json\/wp\/v2\/pages"}],"about":[{"href":"https:\/\/mroom.com\/estonia\/et\/wp-json\/wp\/v2\/types\/page"}],"author":[{"embeddable":true,"href":"https:\/\/mroom.com\/estonia\/et\/wp-json\/wp\/v2\/users\/13"}],"replies":[{"embeddable":true,"href":"https:\/\/mroom.com\/estonia\/et\/wp-json\/wp\/v2\/comments?post=120"}],"version-history":[{"count":35,"href":"https:\/\/mroom.com\/estonia\/et\/wp-json\/wp\/v2\/pages\/120\/revisions"}],"predecessor-version":[{"id":2215,"href":"https:\/\/mroom.com\/estonia\/et\/wp-json\/wp\/v2\/pages\/120\/revisions\/2215"}],"wp:attachment":[{"href":"https:\/\/mroom.com\/estonia\/et\/wp-json\/wp\/v2\/media?parent=120"}],"curies":[{"name":"wp","href":"https:\/\/api.w.org\/{rel}","templated":true}]}}