{"id":3045,"date":"2017-11-17T15:30:14","date_gmt":"2017-11-17T13:30:14","guid":{"rendered":"https:\/\/mroom.comjasenyys\/"},"modified":"2024-08-30T12:18:00","modified_gmt":"2024-08-30T09:18:00","slug":"membership","status":"publish","type":"page","link":"https:\/\/mroom.com\/en\/membership\/","title":{"rendered":"Membership"},"content":{"rendered":"","protected":false},"excerpt":{"rendered":"","protected":false},"author":13,"featured_media":11555,"parent":0,"menu_order":0,"comment_status":"closed","ping_status":"closed","template":"page-memberships2017.php","meta":{"_acf_changed":false,"footnotes":""},"class_list":["post-3045","page","type-page","status-publish","has-post-thumbnail","hentry"],"acf":[],"yoast_head":"<!-- This site is optimized with the Yoast SEO plugin v27.4 - https:\/\/yoast.com\/product\/yoast-seo-wordpress\/ -->\n<title>Membership &#8212; M Room<\/title>\n<meta name=\"description\" content=\"J\u00e4senyyskonseptimme on rakennettu asiakkaidemme kanssa yhteisty\u00f6ss\u00e4, jotta parturissa k\u00e4ynti olisi helpompaa, sujuvampaa ja laadukkaampaa.\" \/>\n<meta name=\"robots\" content=\"index, follow, max-snippet:-1, max-image-preview:large, max-video-preview:-1\" \/>\n<link rel=\"canonical\" href=\"https:\/\/mroom.com\/en\/membership\/\" \/>\n<meta property=\"og:locale\" content=\"en_US\" \/>\n<meta property=\"og:type\" content=\"article\" \/>\n<meta property=\"og:title\" content=\"Membership &#8212; M Room\" \/>\n<meta property=\"og:description\" content=\"J\u00e4senyyskonseptimme on rakennettu asiakkaidemme kanssa yhteisty\u00f6ss\u00e4, jotta parturissa k\u00e4ynti olisi helpompaa, sujuvampaa ja laadukkaampaa.\" \/>\n<meta property=\"og:url\" content=\"https:\/\/mroom.com\/en\/membership\/\" \/>\n<meta property=\"og:site_name\" content=\"M Room\" \/>\n<meta property=\"article:publisher\" content=\"https:\/\/www.facebook.com\/MRoomBarbershop\/?fref=ts\" \/>\n<meta property=\"article:modified_time\" content=\"2024-08-30T09:18:00+00:00\" \/>\n<meta name=\"twitter:card\" content=\"summary_large_image\" \/>\n<script type=\"application\/ld+json\" class=\"yoast-schema-graph\">{\"@context\":\"https:\\\/\\\/schema.org\",\"@graph\":[{\"@type\":\"WebPage\",\"@id\":\"https:\\\/\\\/mroom.com\\\/en\\\/membership\\\/\",\"url\":\"https:\\\/\\\/mroom.com\\\/en\\\/membership\\\/\",\"name\":\"Membership &#8212; M Room\",\"isPartOf\":{\"@id\":\"https:\\\/\\\/mroom.com\\\/fi\\\/#website\"},\"primaryImageOfPage\":{\"@id\":\"https:\\\/\\\/mroom.com\\\/en\\\/membership\\\/#primaryimage\"},\"image\":{\"@id\":\"https:\\\/\\\/mroom.com\\\/en\\\/membership\\\/#primaryimage\"},\"thumbnailUrl\":\"https:\\\/\\\/mroom.com\\\/wp-content\\\/uploads\\\/2024\\\/11\\\/mroom_palvelut_6.png\",\"datePublished\":\"2017-11-17T13:30:14+00:00\",\"dateModified\":\"2024-08-30T09:18:00+00:00\",\"description\":\"J\u00e4senyyskonseptimme on rakennettu asiakkaidemme kanssa yhteisty\u00f6ss\u00e4, jotta parturissa k\u00e4ynti olisi helpompaa, sujuvampaa ja laadukkaampaa.\",\"breadcrumb\":{\"@id\":\"https:\\\/\\\/mroom.com\\\/en\\\/membership\\\/#breadcrumb\"},\"inLanguage\":\"en-US\",\"potentialAction\":[{\"@type\":\"ReadAction\",\"target\":[\"https:\\\/\\\/mroom.com\\\/en\\\/membership\\\/\"]}]},{\"@type\":\"ImageObject\",\"inLanguage\":\"en-US\",\"@id\":\"https:\\\/\\\/mroom.com\\\/en\\\/membership\\\/#primaryimage\",\"url\":\"https:\\\/\\\/mroom.com\\\/wp-content\\\/uploads\\\/2024\\\/11\\\/mroom_palvelut_6.png\",\"contentUrl\":\"https:\\\/\\\/mroom.com\\\/wp-content\\\/uploads\\\/2024\\\/11\\\/mroom_palvelut_6.png\",\"width\":538,\"height\":231},{\"@type\":\"BreadcrumbList\",\"@id\":\"https:\\\/\\\/mroom.com\\\/en\\\/membership\\\/#breadcrumb\",\"itemListElement\":[{\"@type\":\"ListItem\",\"position\":1,\"name\":\"Home\",\"item\":\"https:\\\/\\\/mroom.com\\\/en\\\/\"},{\"@type\":\"ListItem\",\"position\":2,\"name\":\"Membership\"}]},{\"@type\":\"WebSite\",\"@id\":\"https:\\\/\\\/mroom.com\\\/fi\\\/#website\",\"url\":\"https:\\\/\\\/mroom.com\\\/fi\\\/\",\"name\":\"M Room\",\"description\":\"Ihan uusi WordPress-sivusto\",\"publisher\":{\"@id\":\"https:\\\/\\\/mroom.com\\\/fi\\\/#organization\"},\"potentialAction\":[{\"@type\":\"SearchAction\",\"target\":{\"@type\":\"EntryPoint\",\"urlTemplate\":\"https:\\\/\\\/mroom.com\\\/fi\\\/?s={search_term_string}\"},\"query-input\":{\"@type\":\"PropertyValueSpecification\",\"valueRequired\":true,\"valueName\":\"search_term_string\"}}],\"inLanguage\":\"en-US\"},{\"@type\":\"Organization\",\"@id\":\"https:\\\/\\\/mroom.com\\\/fi\\\/#organization\",\"name\":\"M Room\",\"url\":\"https:\\\/\\\/mroom.com\\\/fi\\\/\",\"logo\":{\"@type\":\"ImageObject\",\"inLanguage\":\"en-US\",\"@id\":\"https:\\\/\\\/mroom.com\\\/fi\\\/#\\\/schema\\\/logo\\\/image\\\/\",\"url\":\"https:\\\/\\\/mroom.com\\\/wp-content\\\/uploads\\\/2022\\\/08\\\/MRoom_logo_slogan.jpg\",\"contentUrl\":\"https:\\\/\\\/mroom.com\\\/wp-content\\\/uploads\\\/2022\\\/08\\\/MRoom_logo_slogan.jpg\",\"width\":300,\"height\":300,\"caption\":\"M Room\"},\"image\":{\"@id\":\"https:\\\/\\\/mroom.com\\\/fi\\\/#\\\/schema\\\/logo\\\/image\\\/\"},\"sameAs\":[\"https:\\\/\\\/www.facebook.com\\\/MRoomBarbershop\\\/?fref=ts\",\"https:\\\/\\\/www.instagram.com\\\/mroom_official\\\/?hl=en\",\"https:\\\/\\\/www.youtube.com\\\/c\\\/MRoomOfficial\"]}]}<\/script>\n<!-- \/ Yoast SEO plugin. -->","yoast_head_json":{"title":"Membership &#8212; M Room","description":"J\u00e4senyyskonseptimme on rakennettu asiakkaidemme kanssa yhteisty\u00f6ss\u00e4, jotta parturissa k\u00e4ynti olisi helpompaa, sujuvampaa ja laadukkaampaa.","robots":{"index":"index","follow":"follow","max-snippet":"max-snippet:-1","max-image-preview":"max-image-preview:large","max-video-preview":"max-video-preview:-1"},"canonical":"https:\/\/mroom.com\/en\/membership\/","og_locale":"en_US","og_type":"article","og_title":"Membership &#8212; M Room","og_description":"J\u00e4senyyskonseptimme on rakennettu asiakkaidemme kanssa yhteisty\u00f6ss\u00e4, jotta parturissa k\u00e4ynti olisi helpompaa, sujuvampaa ja laadukkaampaa.","og_url":"https:\/\/mroom.com\/en\/membership\/","og_site_name":"M Room","article_publisher":"https:\/\/www.facebook.com\/MRoomBarbershop\/?fref=ts","article_modified_time":"2024-08-30T09:18:00+00:00","twitter_card":"summary_large_image","schema":{"@context":"https:\/\/schema.org","@graph":[{"@type":"WebPage","@id":"https:\/\/mroom.com\/en\/membership\/","url":"https:\/\/mroom.com\/en\/membership\/","name":"Membership &#8212; M Room","isPartOf":{"@id":"https:\/\/mroom.com\/fi\/#website"},"primaryImageOfPage":{"@id":"https:\/\/mroom.com\/en\/membership\/#primaryimage"},"image":{"@id":"https:\/\/mroom.com\/en\/membership\/#primaryimage"},"thumbnailUrl":"https:\/\/mroom.com\/wp-content\/uploads\/2024\/11\/mroom_palvelut_6.png","datePublished":"2017-11-17T13:30:14+00:00","dateModified":"2024-08-30T09:18:00+00:00","description":"J\u00e4senyyskonseptimme on rakennettu asiakkaidemme kanssa yhteisty\u00f6ss\u00e4, jotta parturissa k\u00e4ynti olisi helpompaa, sujuvampaa ja laadukkaampaa.","breadcrumb":{"@id":"https:\/\/mroom.com\/en\/membership\/#breadcrumb"},"inLanguage":"en-US","potentialAction":[{"@type":"ReadAction","target":["https:\/\/mroom.com\/en\/membership\/"]}]},{"@type":"ImageObject","inLanguage":"en-US","@id":"https:\/\/mroom.com\/en\/membership\/#primaryimage","url":"https:\/\/mroom.com\/wp-content\/uploads\/2024\/11\/mroom_palvelut_6.png","contentUrl":"https:\/\/mroom.com\/wp-content\/uploads\/2024\/11\/mroom_palvelut_6.png","width":538,"height":231},{"@type":"BreadcrumbList","@id":"https:\/\/mroom.com\/en\/membership\/#breadcrumb","itemListElement":[{"@type":"ListItem","position":1,"name":"Home","item":"https:\/\/mroom.com\/en\/"},{"@type":"ListItem","position":2,"name":"Membership"}]},{"@type":"WebSite","@id":"https:\/\/mroom.com\/fi\/#website","url":"https:\/\/mroom.com\/fi\/","name":"M Room","description":"Ihan uusi WordPress-sivusto","publisher":{"@id":"https:\/\/mroom.com\/fi\/#organization"},"potentialAction":[{"@type":"SearchAction","target":{"@type":"EntryPoint","urlTemplate":"https:\/\/mroom.com\/fi\/?s={search_term_string}"},"query-input":{"@type":"PropertyValueSpecification","valueRequired":true,"valueName":"search_term_string"}}],"inLanguage":"en-US"},{"@type":"Organization","@id":"https:\/\/mroom.com\/fi\/#organization","name":"M Room","url":"https:\/\/mroom.com\/fi\/","logo":{"@type":"ImageObject","inLanguage":"en-US","@id":"https:\/\/mroom.com\/fi\/#\/schema\/logo\/image\/","url":"https:\/\/mroom.com\/wp-content\/uploads\/2022\/08\/MRoom_logo_slogan.jpg","contentUrl":"https:\/\/mroom.com\/wp-content\/uploads\/2022\/08\/MRoom_logo_slogan.jpg","width":300,"height":300,"caption":"M Room"},"image":{"@id":"https:\/\/mroom.com\/fi\/#\/schema\/logo\/image\/"},"sameAs":["https:\/\/www.facebook.com\/MRoomBarbershop\/?fref=ts","https:\/\/www.instagram.com\/mroom_official\/?hl=en","https:\/\/www.youtube.com\/c\/MRoomOfficial"]}]}},"_links":{"self":[{"href":"https:\/\/mroom.com\/en\/wp-json\/wp\/v2\/pages\/3045","targetHints":{"allow":["GET"]}}],"collection":[{"href":"https:\/\/mroom.com\/en\/wp-json\/wp\/v2\/pages"}],"about":[{"href":"https:\/\/mroom.com\/en\/wp-json\/wp\/v2\/types\/page"}],"author":[{"embeddable":true,"href":"https:\/\/mroom.com\/en\/wp-json\/wp\/v2\/users\/13"}],"replies":[{"embeddable":true,"href":"https:\/\/mroom.com\/en\/wp-json\/wp\/v2\/comments?post=3045"}],"version-history":[{"count":31,"href":"https:\/\/mroom.com\/en\/wp-json\/wp\/v2\/pages\/3045\/revisions"}],"predecessor-version":[{"id":11391,"href":"https:\/\/mroom.com\/en\/wp-json\/wp\/v2\/pages\/3045\/revisions\/11391"}],"wp:featuredmedia":[{"embeddable":true,"href":"https:\/\/mroom.com\/en\/wp-json\/wp\/v2\/media\/11555"}],"wp:attachment":[{"href":"https:\/\/mroom.com\/en\/wp-json\/wp\/v2\/media?parent=3045"}],"curies":[{"name":"wp","href":"https:\/\/api.w.org\/{rel}","templated":true}]}}